{"id":13911,"date":"2024-01-23T10:17:59","date_gmt":"2024-01-23T08:17:59","guid":{"rendered":"https:\/\/www.athensairporttaxi.info\/?page_id=13911"},"modified":"2024-05-07T12:59:58","modified_gmt":"2024-05-07T10:59:58","slug":"tourisme","status":"publish","type":"page","link":"https:\/\/www.athensairporttaxi.info\/fr\/tourisme\/","title":{"rendered":"Tourisme"},"content":{"rendered":"<div class=\"wpb-content-wrapper\"><p>[vc_row text_align=&#8221;center&#8221; conditional_render=&#8221;%5B%7B%22value_role%22%3A%22administrator%22%7D%5D&#8221; css=&#8221;.vc_custom_1708379259886{margin-top: 30px !important;}&#8221;][vc_column][vc_column_text]<\/p>\n<h2 style=\"text-align: center;\">Tourisme<\/h2>\n<p>[\/vc_column_text][\/vc_column][\/vc_row][vc_row text_align=&#8221;center&#8221; conditional_render=&#8221;%5B%7B%22value_role%22%3A%22administrator%22%7D%5D&#8221;][vc_column]<div id=\"porto-portfolio-5756\" class=\"porto-portfolios porto-portfoliosk13s wpb_content_element \">\r\n\t<div class=\"page-portfolios clearfix portfolios-grid wpb_custom_f766824d32289da1f974c4f6f5382936\" id=\"porto_portfolios_qmzx\">\r\n\r\n\t\r\n\t\r\n\t\t\t<div class=\"portfolios-container portfolio-row portfolio-row-3 classic\">\r\n\r\n\t\r\n\t\t<article class=\"portfolio portfolio-grid portfolio-col-3 tourisme post-251 type-portfolio status-publish has-post-thumbnail hentry portfolio_cat-tourisme\">\r\n\t\t<h3 class=\"entry-title\" style=\"display: none;\">Palais pr\u00e9sidentiel d&#8217;Ath\u00e8nes<\/h3><span class=\"vcard\" style=\"display: none;\"><span class=\"fn\"><a href=\"https:\/\/www.athensairporttaxi.info\/fr\/author\/admia1\/\" title=\"Articles par admia1\" rel=\"author\">admia1<\/a><\/span><\/span><span class=\"updated\" style=\"display:none\">2024-05-07T12:51:09+03:00<\/span>\t\t<div class=\"portfolio-item default\">\r\n\t\t\t\r\n\t\t\t<a class=\"text-decoration-none portfolio-link\" href=\"https:\/\/www.athensairporttaxi.info\/fr\/portfolio\/palais-presidentiel-dathenes-fr\/\">\r\n\t\t\t\t<span class=\"thumb-info thumb-info-lighten\">\r\n\t\t\t\t\t<span class=\"thumb-info-wrapper\">\r\n\t\t\t\t\t\t\t\t\t\t\t\t\t\t\t<img class=\"img-responsive\" src=\"https:\/\/www.athensairporttaxi.info\/wp-content\/uploads\/2024\/01\/proedriko_megaro-367x367.jpg\" alt=\"\" width=\"367\" height=\"367\" \/>\r\n\t\t\t\t\t\t\t\t\t\r\n\t\t\t\t\t\t\r\n\t\t\t\t\t\t\r\n\t\t\t\t\t\t\t\t\t\t\t\t\t\t\t\t<span class=\"thumb-info-title\">\r\n\r\n\t\t\t\t\t\t\t\t\t\t<span class=\"thumb-info-inner\">Palais pr\u00e9sidentiel d&#8217;Ath\u00e8nes<\/span>\r\n\r\n\t\t\t\t\t\t\t\t\t\t\t\t\t\t\t\t\t\t\t\t\t<span class=\"thumb-info-type\">Tourisme<\/span>\r\n\t\t\t\t\t\t\t\t\t\t\r\n\t\t\t\t\t\t\t\t\t<\/span>\r\n\t\t\t\t\t\t\t\t\t\t\t\t\t\t\t\t\t\t\t\t\t\t\t\t\t\t\t<span class=\"thumb-info-action\">\r\n\t\t\t\t\t\t\t\t\t\t\t\t\t\t\t\t\t<span class=\"thumb-info-action-icon thumb-info-action-icon-dark opacity-8\"><i class=\"fa fa-link\"><\/i><\/span>\r\n\t\t\t\t\t\t\t\t\t\t\t\t\t\t\t\t\t\t\t\t\t\t\t<\/span>\r\n\t\t\t\t\t\t\t\t\t\t\t\t\t\t\t\t\t<\/span>\r\n\t\t\t\t<\/span>\r\n\t\t\t<\/a>\r\n\t\t\t\t\t\t\t\t<\/div>\r\n\t<\/article>\r\n\t\t<article class=\"portfolio portfolio-grid portfolio-col-3 tourisme post-238 type-portfolio status-publish has-post-thumbnail hentry portfolio_cat-tourisme\">\r\n\t\t<h3 class=\"entry-title\" style=\"display: none;\">Lycabette &#8211; Vue panoramique sur Ath\u00e8nes<\/h3><span class=\"vcard\" style=\"display: none;\"><span class=\"fn\"><a href=\"https:\/\/www.athensairporttaxi.info\/fr\/author\/admia1\/\" title=\"Articles par admia1\" rel=\"author\">admia1<\/a><\/span><\/span><span class=\"updated\" style=\"display:none\">2024-05-07T12:51:09+03:00<\/span>\t\t<div class=\"portfolio-item default\">\r\n\t\t\t\r\n\t\t\t<a class=\"text-decoration-none portfolio-link\" href=\"https:\/\/www.athensairporttaxi.info\/fr\/portfolio\/lycabette-fr\/\">\r\n\t\t\t\t<span class=\"thumb-info thumb-info-lighten\">\r\n\t\t\t\t\t<span class=\"thumb-info-wrapper\">\r\n\t\t\t\t\t\t\t\t\t\t\t\t\t\t\t<img class=\"img-responsive\" src=\"https:\/\/www.athensairporttaxi.info\/wp-content\/uploads\/2024\/01\/pexels-alex-does-pictures-14785753-367x367.jpg\" alt=\"lycabettus sightseeing\" width=\"367\" height=\"367\" \/>\r\n\t\t\t\t\t\t\t\t\t\r\n\t\t\t\t\t\t\r\n\t\t\t\t\t\t\r\n\t\t\t\t\t\t\t\t\t\t\t\t\t\t\t\t<span class=\"thumb-info-title\">\r\n\r\n\t\t\t\t\t\t\t\t\t\t<span class=\"thumb-info-inner\">Lycabette &#8211; Vue panoramique sur Ath\u00e8nes<\/span>\r\n\r\n\t\t\t\t\t\t\t\t\t\t\t\t\t\t\t\t\t\t\t\t\t<span class=\"thumb-info-type\">Tourisme<\/span>\r\n\t\t\t\t\t\t\t\t\t\t\r\n\t\t\t\t\t\t\t\t\t<\/span>\r\n\t\t\t\t\t\t\t\t\t\t\t\t\t\t\t\t\t\t\t\t\t\t\t\t\t\t\t<span class=\"thumb-info-action\">\r\n\t\t\t\t\t\t\t\t\t\t\t\t\t\t\t\t\t<span class=\"thumb-info-action-icon thumb-info-action-icon-dark opacity-8\"><i class=\"fa fa-link\"><\/i><\/span>\r\n\t\t\t\t\t\t\t\t\t\t\t\t\t\t\t\t\t\t\t\t\t\t\t<\/span>\r\n\t\t\t\t\t\t\t\t\t\t\t\t\t\t\t\t\t<\/span>\r\n\t\t\t\t<\/span>\r\n\t\t\t<\/a>\r\n\t\t\t\t\t\t\t\t<\/div>\r\n\t<\/article>\r\n\t\t<article class=\"portfolio portfolio-grid portfolio-col-3 tourisme post-224 type-portfolio status-publish has-post-thumbnail hentry portfolio_cat-tourisme\">\r\n\t\t<h3 class=\"entry-title\" style=\"display: none;\">Rue Panepistimiou (Acad\u00e9mie,Universit\u00e9 d&#8217;Ath\u00e8nes, Biblioth\u00e8que nationale)<\/h3><span class=\"vcard\" style=\"display: none;\"><span class=\"fn\"><a href=\"https:\/\/www.athensairporttaxi.info\/fr\/author\/admia1\/\" title=\"Articles par admia1\" rel=\"author\">admia1<\/a><\/span><\/span><span class=\"updated\" style=\"display:none\">2024-05-07T12:51:09+03:00<\/span>\t\t<div class=\"portfolio-item default\">\r\n\t\t\t\r\n\t\t\t<a class=\"text-decoration-none portfolio-link\" href=\"https:\/\/www.athensairporttaxi.info\/fr\/portfolio\/rue-panepistimiou-fr\/\">\r\n\t\t\t\t<span class=\"thumb-info thumb-info-lighten\">\r\n\t\t\t\t\t<span class=\"thumb-info-wrapper\">\r\n\t\t\t\t\t\t\t\t\t\t\t\t\t\t\t<img class=\"img-responsive\" src=\"https:\/\/www.athensairporttaxi.info\/wp-content\/uploads\/2024\/01\/pexels-alex-nikita-13440445-scaled-e1705481636387-367x367.jpg\" alt=\"panepistimiou street sightseeing\" width=\"367\" height=\"367\" \/>\r\n\t\t\t\t\t\t\t\t\t\r\n\t\t\t\t\t\t\r\n\t\t\t\t\t\t\r\n\t\t\t\t\t\t\t\t\t\t\t\t\t\t\t\t<span class=\"thumb-info-title\">\r\n\r\n\t\t\t\t\t\t\t\t\t\t<span class=\"thumb-info-inner\">Rue Panepistimiou (Acad\u00e9mie,Universit\u00e9 d&#8217;Ath\u00e8nes, Biblioth\u00e8que nationale)<\/span>\r\n\r\n\t\t\t\t\t\t\t\t\t\t\t\t\t\t\t\t\t\t\t\t\t<span class=\"thumb-info-type\">Tourisme<\/span>\r\n\t\t\t\t\t\t\t\t\t\t\r\n\t\t\t\t\t\t\t\t\t<\/span>\r\n\t\t\t\t\t\t\t\t\t\t\t\t\t\t\t\t\t\t\t\t\t\t\t\t\t\t\t<span class=\"thumb-info-action\">\r\n\t\t\t\t\t\t\t\t\t\t\t\t\t\t\t\t\t<span class=\"thumb-info-action-icon thumb-info-action-icon-dark opacity-8\"><i class=\"fa fa-link\"><\/i><\/span>\r\n\t\t\t\t\t\t\t\t\t\t\t\t\t\t\t\t\t\t\t\t\t\t\t<\/span>\r\n\t\t\t\t\t\t\t\t\t\t\t\t\t\t\t\t\t<\/span>\r\n\t\t\t\t<\/span>\r\n\t\t\t<\/a>\r\n\t\t\t\t\t\t\t\t<\/div>\r\n\t<\/article>\r\n\t\t<article class=\"portfolio portfolio-grid portfolio-col-3 tourisme post-210 type-portfolio status-publish has-post-thumbnail hentry portfolio_cat-tourisme\">\r\n\t\t<h3 class=\"entry-title\" style=\"display: none;\">Monastir\u00e1ki<\/h3><span class=\"vcard\" style=\"display: none;\"><span class=\"fn\"><a href=\"https:\/\/www.athensairporttaxi.info\/fr\/author\/admia1\/\" title=\"Articles par admia1\" rel=\"author\">admia1<\/a><\/span><\/span><span class=\"updated\" style=\"display:none\">2024-05-07T12:51:09+03:00<\/span>\t\t<div class=\"portfolio-item default\">\r\n\t\t\t\r\n\t\t\t<a class=\"text-decoration-none portfolio-link\" href=\"https:\/\/www.athensairporttaxi.info\/fr\/portfolio\/monastiraki-fr\/\">\r\n\t\t\t\t<span class=\"thumb-info thumb-info-lighten\">\r\n\t\t\t\t\t<span class=\"thumb-info-wrapper\">\r\n\t\t\t\t\t\t\t\t\t\t\t\t\t\t\t<img class=\"img-responsive\" src=\"https:\/\/www.athensairporttaxi.info\/wp-content\/uploads\/2024\/01\/monastiraki-athens-taxi-transfer-sightseeing-367x367.jpg\" alt=\"\" width=\"367\" height=\"367\" \/>\r\n\t\t\t\t\t\t\t\t\t\r\n\t\t\t\t\t\t\r\n\t\t\t\t\t\t\r\n\t\t\t\t\t\t\t\t\t\t\t\t\t\t\t\t<span class=\"thumb-info-title\">\r\n\r\n\t\t\t\t\t\t\t\t\t\t<span class=\"thumb-info-inner\">Monastir\u00e1ki<\/span>\r\n\r\n\t\t\t\t\t\t\t\t\t\t\t\t\t\t\t\t\t\t\t\t\t<span class=\"thumb-info-type\">Tourisme<\/span>\r\n\t\t\t\t\t\t\t\t\t\t\r\n\t\t\t\t\t\t\t\t\t<\/span>\r\n\t\t\t\t\t\t\t\t\t\t\t\t\t\t\t\t\t\t\t\t\t\t\t\t\t\t\t<span class=\"thumb-info-action\">\r\n\t\t\t\t\t\t\t\t\t\t\t\t\t\t\t\t\t<span class=\"thumb-info-action-icon thumb-info-action-icon-dark opacity-8\"><i class=\"fa fa-link\"><\/i><\/span>\r\n\t\t\t\t\t\t\t\t\t\t\t\t\t\t\t\t\t\t\t\t\t\t\t<\/span>\r\n\t\t\t\t\t\t\t\t\t\t\t\t\t\t\t\t\t<\/span>\r\n\t\t\t\t<\/span>\r\n\t\t\t<\/a>\r\n\t\t\t\t\t\t\t\t<\/div>\r\n\t<\/article>\r\n\t\t<article class=\"portfolio portfolio-grid portfolio-col-3 tourisme post-196 type-portfolio status-publish has-post-thumbnail hentry portfolio_cat-tourisme\">\r\n\t\t<h3 class=\"entry-title\" style=\"display: none;\">Plaka<\/h3><span class=\"vcard\" style=\"display: none;\"><span class=\"fn\"><a href=\"https:\/\/www.athensairporttaxi.info\/fr\/author\/admia1\/\" title=\"Articles par admia1\" rel=\"author\">admia1<\/a><\/span><\/span><span class=\"updated\" style=\"display:none\">2024-05-07T12:51:09+03:00<\/span>\t\t<div class=\"portfolio-item default\">\r\n\t\t\t\r\n\t\t\t<a class=\"text-decoration-none portfolio-link\" href=\"https:\/\/www.athensairporttaxi.info\/fr\/portfolio\/plaka-fr\/\">\r\n\t\t\t\t<span class=\"thumb-info thumb-info-lighten\">\r\n\t\t\t\t\t<span class=\"thumb-info-wrapper\">\r\n\t\t\t\t\t\t\t\t\t\t\t\t\t\t\t<img class=\"img-responsive\" src=\"https:\/\/www.athensairporttaxi.info\/wp-content\/uploads\/2024\/01\/plaka-367x367.jpg\" alt=\"Get a taxi from Athens Airport to Plaka - see the old market Athens\" width=\"367\" height=\"367\" \/>\r\n\t\t\t\t\t\t\t\t\t\r\n\t\t\t\t\t\t\r\n\t\t\t\t\t\t\r\n\t\t\t\t\t\t\t\t\t\t\t\t\t\t\t\t<span class=\"thumb-info-title\">\r\n\r\n\t\t\t\t\t\t\t\t\t\t<span class=\"thumb-info-inner\">Plaka<\/span>\r\n\r\n\t\t\t\t\t\t\t\t\t\t\t\t\t\t\t\t\t\t\t\t\t<span class=\"thumb-info-type\">Tourisme<\/span>\r\n\t\t\t\t\t\t\t\t\t\t\r\n\t\t\t\t\t\t\t\t\t<\/span>\r\n\t\t\t\t\t\t\t\t\t\t\t\t\t\t\t\t\t\t\t\t\t\t\t\t\t\t\t<span class=\"thumb-info-action\">\r\n\t\t\t\t\t\t\t\t\t\t\t\t\t\t\t\t\t<span class=\"thumb-info-action-icon thumb-info-action-icon-dark opacity-8\"><i class=\"fa fa-link\"><\/i><\/span>\r\n\t\t\t\t\t\t\t\t\t\t\t\t\t\t\t\t\t\t\t\t\t\t\t<\/span>\r\n\t\t\t\t\t\t\t\t\t\t\t\t\t\t\t\t\t<\/span>\r\n\t\t\t\t<\/span>\r\n\t\t\t<\/a>\r\n\t\t\t\t\t\t\t\t<\/div>\r\n\t<\/article>\r\n\t\t<article class=\"portfolio portfolio-grid portfolio-col-3 tourisme post-182 type-portfolio status-publish has-post-thumbnail hentry portfolio_cat-tourisme\">\r\n\t\t<h3 class=\"entry-title\" style=\"display: none;\">Place Syntagma \u2013 Parlement &#8211; Changement de la garde &#8211; Tombeau du Soldat Inconnu<\/h3><span class=\"vcard\" style=\"display: none;\"><span class=\"fn\"><a href=\"https:\/\/www.athensairporttaxi.info\/fr\/author\/admia1\/\" title=\"Articles par admia1\" rel=\"author\">admia1<\/a><\/span><\/span><span class=\"updated\" style=\"display:none\">2024-05-07T12:51:09+03:00<\/span>\t\t<div class=\"portfolio-item default\">\r\n\t\t\t\r\n\t\t\t<a class=\"text-decoration-none portfolio-link\" href=\"https:\/\/www.athensairporttaxi.info\/fr\/portfolio\/syntagma-square-fr\/\">\r\n\t\t\t\t<span class=\"thumb-info thumb-info-lighten\">\r\n\t\t\t\t\t<span class=\"thumb-info-wrapper\">\r\n\t\t\t\t\t\t\t\t\t\t\t\t\t\t\t<img class=\"img-responsive\" src=\"https:\/\/www.athensairporttaxi.info\/wp-content\/uploads\/2024\/01\/Syntagma-square-Athens-tranfer-sightseeing-367x367.jpg\" alt=\"Syntagma square Athens tranfer sightseeing\" width=\"367\" height=\"367\" \/>\r\n\t\t\t\t\t\t\t\t\t\r\n\t\t\t\t\t\t\r\n\t\t\t\t\t\t\r\n\t\t\t\t\t\t\t\t\t\t\t\t\t\t\t\t<span class=\"thumb-info-title\">\r\n\r\n\t\t\t\t\t\t\t\t\t\t<span class=\"thumb-info-inner\">Place Syntagma \u2013 Parlement &#8211; Changement de la garde &#8211; Tombeau du Soldat Inconnu<\/span>\r\n\r\n\t\t\t\t\t\t\t\t\t\t\t\t\t\t\t\t\t\t\t\t\t<span class=\"thumb-info-type\">Tourisme<\/span>\r\n\t\t\t\t\t\t\t\t\t\t\r\n\t\t\t\t\t\t\t\t\t<\/span>\r\n\t\t\t\t\t\t\t\t\t\t\t\t\t\t\t\t\t\t\t\t\t\t\t\t\t\t\t<span class=\"thumb-info-action\">\r\n\t\t\t\t\t\t\t\t\t\t\t\t\t\t\t\t\t<span class=\"thumb-info-action-icon thumb-info-action-icon-dark opacity-8\"><i class=\"fa fa-link\"><\/i><\/span>\r\n\t\t\t\t\t\t\t\t\t\t\t\t\t\t\t\t\t\t\t\t\t\t\t<\/span>\r\n\t\t\t\t\t\t\t\t\t\t\t\t\t\t\t\t\t<\/span>\r\n\t\t\t\t<\/span>\r\n\t\t\t<\/a>\r\n\t\t\t\t\t\t\t\t<\/div>\r\n\t<\/article>\r\n\t\t<article class=\"portfolio portfolio-grid portfolio-col-3 tourisme post-168 type-portfolio status-publish has-post-thumbnail hentry portfolio_cat-tourisme\">\r\n\t\t<h3 class=\"entry-title\" style=\"display: none;\">Olympi\u00e9ion<\/h3><span class=\"vcard\" style=\"display: none;\"><span class=\"fn\"><a href=\"https:\/\/www.athensairporttaxi.info\/fr\/author\/admia1\/\" title=\"Articles par admia1\" rel=\"author\">admia1<\/a><\/span><\/span><span class=\"updated\" style=\"display:none\">2024-05-07T12:51:09+03:00<\/span>\t\t<div class=\"portfolio-item default\">\r\n\t\t\t\r\n\t\t\t<a class=\"text-decoration-none portfolio-link\" href=\"https:\/\/www.athensairporttaxi.info\/fr\/portfolio\/temple-of-olympian-zeus-fr\/\">\r\n\t\t\t\t<span class=\"thumb-info thumb-info-lighten\">\r\n\t\t\t\t\t<span class=\"thumb-info-wrapper\">\r\n\t\t\t\t\t\t\t\t\t\t\t\t\t\t\t<img class=\"img-responsive\" src=\"https:\/\/www.athensairporttaxi.info\/wp-content\/uploads\/2024\/01\/pexels-daniel-nouri-8253747-367x367.jpg\" alt=\"Temple of Olympian Zeus sightseeing\" width=\"367\" height=\"367\" \/>\r\n\t\t\t\t\t\t\t\t\t\r\n\t\t\t\t\t\t\r\n\t\t\t\t\t\t\r\n\t\t\t\t\t\t\t\t\t\t\t\t\t\t\t\t<span class=\"thumb-info-title\">\r\n\r\n\t\t\t\t\t\t\t\t\t\t<span class=\"thumb-info-inner\">Olympi\u00e9ion<\/span>\r\n\r\n\t\t\t\t\t\t\t\t\t\t\t\t\t\t\t\t\t\t\t\t\t<span class=\"thumb-info-type\">Tourisme<\/span>\r\n\t\t\t\t\t\t\t\t\t\t\r\n\t\t\t\t\t\t\t\t\t<\/span>\r\n\t\t\t\t\t\t\t\t\t\t\t\t\t\t\t\t\t\t\t\t\t\t\t\t\t\t\t<span class=\"thumb-info-action\">\r\n\t\t\t\t\t\t\t\t\t\t\t\t\t\t\t\t\t<span class=\"thumb-info-action-icon thumb-info-action-icon-dark opacity-8\"><i class=\"fa fa-link\"><\/i><\/span>\r\n\t\t\t\t\t\t\t\t\t\t\t\t\t\t\t\t\t\t\t\t\t\t\t<\/span>\r\n\t\t\t\t\t\t\t\t\t\t\t\t\t\t\t\t\t<\/span>\r\n\t\t\t\t<\/span>\r\n\t\t\t<\/a>\r\n\t\t\t\t\t\t\t\t<\/div>\r\n\t<\/article>\r\n\t\t<article class=\"portfolio portfolio-grid portfolio-col-3 tourisme post-148 type-portfolio status-publish has-post-thumbnail hentry portfolio_cat-tourisme\">\r\n\t\t<h3 class=\"entry-title\" style=\"display: none;\">Stade panath\u00e9na\u00efque<\/h3><span class=\"vcard\" style=\"display: none;\"><span class=\"fn\"><a href=\"https:\/\/www.athensairporttaxi.info\/fr\/author\/admia1\/\" title=\"Articles par admia1\" rel=\"author\">admia1<\/a><\/span><\/span><span class=\"updated\" style=\"display:none\">2024-05-07T12:51:10+03:00<\/span>\t\t<div class=\"portfolio-item default\">\r\n\t\t\t\r\n\t\t\t<a class=\"text-decoration-none portfolio-link\" href=\"https:\/\/www.athensairporttaxi.info\/fr\/portfolio\/panathenaic-stadium-fr\/\">\r\n\t\t\t\t<span class=\"thumb-info thumb-info-lighten\">\r\n\t\t\t\t\t<span class=\"thumb-info-wrapper\">\r\n\t\t\t\t\t\t\t\t\t\t\t\t\t\t\t<img class=\"img-responsive\" src=\"https:\/\/www.athensairporttaxi.info\/wp-content\/uploads\/2024\/01\/panathenaic-stadium-367x367.jpg\" alt=\"\" width=\"367\" height=\"367\" \/>\r\n\t\t\t\t\t\t\t\t\t\r\n\t\t\t\t\t\t\r\n\t\t\t\t\t\t\r\n\t\t\t\t\t\t\t\t\t\t\t\t\t\t\t\t<span class=\"thumb-info-title\">\r\n\r\n\t\t\t\t\t\t\t\t\t\t<span class=\"thumb-info-inner\">Stade panath\u00e9na\u00efque<\/span>\r\n\r\n\t\t\t\t\t\t\t\t\t\t\t\t\t\t\t\t\t\t\t\t\t<span class=\"thumb-info-type\">Tourisme<\/span>\r\n\t\t\t\t\t\t\t\t\t\t\r\n\t\t\t\t\t\t\t\t\t<\/span>\r\n\t\t\t\t\t\t\t\t\t\t\t\t\t\t\t\t\t\t\t\t\t\t\t\t\t\t\t<span class=\"thumb-info-action\">\r\n\t\t\t\t\t\t\t\t\t\t\t\t\t\t\t\t\t<span class=\"thumb-info-action-icon thumb-info-action-icon-dark opacity-8\"><i class=\"fa fa-link\"><\/i><\/span>\r\n\t\t\t\t\t\t\t\t\t\t\t\t\t\t\t\t\t\t\t\t\t\t\t<\/span>\r\n\t\t\t\t\t\t\t\t\t\t\t\t\t\t\t\t\t<\/span>\r\n\t\t\t\t<\/span>\r\n\t\t\t<\/a>\r\n\t\t\t\t\t\t\t\t<\/div>\r\n\t<\/article>\r\n\t\t<article class=\"portfolio portfolio-grid portfolio-col-3 tourisme post-142 type-portfolio status-publish has-post-thumbnail hentry portfolio_cat-tourisme\">\r\n\t\t<h3 class=\"entry-title\" style=\"display: none;\">L\u2019Acropole d&#8217;Ath\u00e8nes &#8211; Le mus\u00e9e de l&#8217;Acropole d&#8217;Ath\u00e8nes<\/h3><span class=\"vcard\" style=\"display: none;\"><span class=\"fn\"><a href=\"https:\/\/www.athensairporttaxi.info\/fr\/author\/admia1\/\" title=\"Articles par admia1\" rel=\"author\">admia1<\/a><\/span><\/span><span class=\"updated\" style=\"display:none\">2024-05-07T12:51:10+03:00<\/span>\t\t<div class=\"portfolio-item default\">\r\n\t\t\t\r\n\t\t\t<a class=\"text-decoration-none portfolio-link\" href=\"https:\/\/www.athensairporttaxi.info\/fr\/portfolio\/acropolis-fr\/\">\r\n\t\t\t\t<span class=\"thumb-info thumb-info-lighten\">\r\n\t\t\t\t\t<span class=\"thumb-info-wrapper\">\r\n\t\t\t\t\t\t\t\t\t\t\t\t\t\t\t<img class=\"img-responsive\" src=\"https:\/\/www.athensairporttaxi.info\/wp-content\/uploads\/2024\/01\/Acropolis-367x367.jpg\" alt=\"Acropolis sightseeing - Athens Airport Taxi\" width=\"367\" height=\"367\" \/>\r\n\t\t\t\t\t\t\t\t\t\r\n\t\t\t\t\t\t\r\n\t\t\t\t\t\t\r\n\t\t\t\t\t\t\t\t\t\t\t\t\t\t\t\t<span class=\"thumb-info-title\">\r\n\r\n\t\t\t\t\t\t\t\t\t\t<span class=\"thumb-info-inner\">L\u2019Acropole d&#8217;Ath\u00e8nes &#8211; Le mus\u00e9e de l&#8217;Acropole d&#8217;Ath\u00e8nes<\/span>\r\n\r\n\t\t\t\t\t\t\t\t\t\t\t\t\t\t\t\t\t\t\t\t\t<span class=\"thumb-info-type\">Tourisme<\/span>\r\n\t\t\t\t\t\t\t\t\t\t\r\n\t\t\t\t\t\t\t\t\t<\/span>\r\n\t\t\t\t\t\t\t\t\t\t\t\t\t\t\t\t\t\t\t\t\t\t\t\t\t\t\t<span class=\"thumb-info-action\">\r\n\t\t\t\t\t\t\t\t\t\t\t\t\t\t\t\t\t<span class=\"thumb-info-action-icon thumb-info-action-icon-dark opacity-8\"><i class=\"fa fa-link\"><\/i><\/span>\r\n\t\t\t\t\t\t\t\t\t\t\t\t\t\t\t\t\t\t\t\t\t\t\t<\/span>\r\n\t\t\t\t\t\t\t\t\t\t\t\t\t\t\t\t\t<\/span>\r\n\t\t\t\t<\/span>\r\n\t\t\t<\/a>\r\n\t\t\t\t\t\t\t\t<\/div>\r\n\t<\/article>\r\n\t\r\n\t\r\n\t\r\n\t\t<\/div>\r\n\r\n\t\r\n\t\r\n\t<\/div>\r\n\r\n\t\r\n\t\r\n\t<\/div>[\/vc_column][\/vc_row]<\/p>\n<\/div>","protected":false},"excerpt":{"rendered":"<p>[vc_row text_align=&#8221;center&#8221; conditional_render=&#8221;%5B%7B%22value_role%22%3A%22administrator%22%7D%5D&#8221; css=&#8221;.vc_custom_1708379259886{margin-top: 30px !important;}&#8221;][vc_column][vc_column_text] Tourisme [\/vc_column_text][\/vc_column][\/vc_row][vc_row text_align=&#8221;center&#8221; conditional_render=&#8221;%5B%7B%22value_role%22%3A%22administrator%22%7D%5D&#8221;][vc_column][\/vc_column][\/vc_row]<\/p>\n","protected":false},"author":1,"featured_media":0,"parent":0,"menu_order":0,"comment_status":"closed","ping_status":"closed","template":"","meta":{"footnotes":""},"_links":{"self":[{"href":"https:\/\/www.athensairporttaxi.info\/fr\/wp-json\/wp\/v2\/pages\/13911"}],"collection":[{"href":"https:\/\/www.athensairporttaxi.info\/fr\/wp-json\/wp\/v2\/pages"}],"about":[{"href":"https:\/\/www.athensairporttaxi.info\/fr\/wp-json\/wp\/v2\/types\/page"}],"author":[{"embeddable":true,"href":"https:\/\/www.athensairporttaxi.info\/fr\/wp-json\/wp\/v2\/users\/1"}],"replies":[{"embeddable":true,"href":"https:\/\/www.athensairporttaxi.info\/fr\/wp-json\/wp\/v2\/comments?post=13911"}],"version-history":[{"count":2,"href":"https:\/\/www.athensairporttaxi.info\/fr\/wp-json\/wp\/v2\/pages\/13911\/revisions"}],"predecessor-version":[{"id":13913,"href":"https:\/\/www.athensairporttaxi.info\/fr\/wp-json\/wp\/v2\/pages\/13911\/revisions\/13913"}],"wp:attachment":[{"href":"https:\/\/www.athensairporttaxi.info\/fr\/wp-json\/wp\/v2\/media?parent=13911"}],"curies":[{"name":"wp","href":"https:\/\/api.w.org\/{rel}","templated":true}]}}