{"id":13054,"date":"2024-01-15T17:50:34","date_gmt":"2024-01-15T15:50:34","guid":{"rendered":"https:\/\/www.athensairporttaxi.info\/?page_id=13054"},"modified":"2024-05-12T01:41:17","modified_gmt":"2024-05-11T23:41:17","slug":"notre-flotte","status":"publish","type":"page","link":"https:\/\/www.athensairporttaxi.info\/fr\/notre-flotte\/","title":{"rendered":"Notre Flotte"},"content":{"rendered":"<div class=\"wpb-content-wrapper\"><p>[vc_row css=&#8221;.vc_custom_1706121921442{padding-top: 20px !important;}&#8221; conditional_render=&#8221;%5B%7B%22value_role%22%3A%22administrator%22%7D%5D&#8221;][vc_column width=&#8221;1\/3&#8243;][vc_single_image image=&#8221;61&#8243; img_size=&#8221;full&#8221; alignment=&#8221;center&#8221; css=&#8221;.vc_custom_1708381297607{margin-bottom: 10px !important;padding-top: 10% !important;padding-right: 10% !important;padding-left: 10% !important;}&#8221;][vc_custom_heading text=&#8221;Taxi Mercedes E Class&#8221; font_container=&#8221;tag:h3|text_align:center&#8221; use_theme_fonts=&#8221;yes&#8221;][vc_column_text]<\/p>\n<h4 style=\"text-align: center;\">4 x <i class=\"fa fa-user\"><\/i>, 4 x <i class=\"Simple-Line-Icons-briefcase\"><\/i> (or combination)<\/h4>\n<p>[\/vc_column_text][vc_column_text]Un choix populaire et abordable pour les besoins de transport les plus quotidiens. Il pourra accueillir quatre passagers, une grande et deux petites valises.[\/vc_column_text][\/vc_column][vc_column width=&#8221;1\/3&#8243;][vc_single_image image=&#8221;62&#8243; img_size=&#8221;full&#8221; alignment=&#8221;center&#8221; css=&#8221;.vc_custom_1708381308463{margin-bottom: 10px !important;padding-top: 10% !important;padding-right: 10% !important;padding-left: 10% !important;}&#8221;][vc_custom_heading text=&#8221;Mercedes MiniVan 6&#8243; font_container=&#8221;tag:h3|text_align:center&#8221; use_theme_fonts=&#8221;yes&#8221;][vc_column_text]<\/p>\n<h4 style=\"text-align: center;\">6 x <i class=\"fa fa-user\"><\/i>, 8 x <i class=\"Simple-Line-Icons-briefcase\"><\/i> (or combination)<\/h4>\n<p>[\/vc_column_text][vc_column_text]Pour plus de quatre personnes ou pour plus de valises.<br \/>\nM\u00eame id\u00e9al pour vous voulez le confort et l\u2019espace sur leur voyage. Jusqu\u2019\u00e0 six passagers et huit bagages.[\/vc_column_text][\/vc_column][vc_column width=&#8221;1\/3&#8243;][vc_single_image image=&#8221;63&#8243; img_size=&#8221;full&#8221; alignment=&#8221;center&#8221; css=&#8221;.vc_custom_1708381333267{margin-bottom: 10px !important;padding-top: 10% !important;padding-right: 10% !important;padding-left: 10% !important;}&#8221;][vc_custom_heading text=&#8221;Mercedes MiniVan 8&#8243; font_container=&#8221;tag:h3|text_align:center&#8221; use_theme_fonts=&#8221;yes&#8221;][vc_column_text]<\/p>\n<h4 style=\"text-align: center;\">8 x <i class=\"fa fa-user\"><\/i>, 10 x <i class=\"Simple-Line-Icons-briefcase\"><\/i> (or combination)<\/h4>\n<p>[\/vc_column_text][vc_column_text]Le probl\u00e8me n\u2019est pas seulement d\u2019atteindre votre destination, mais \u00e9galement de faire un pas de plus: huit passagers et dix valises.[\/vc_column_text][\/vc_column][\/vc_row][vc_row css=&#8221;.vc_custom_1708382400512{padding-top: 0px !important;}&#8221; conditional_render=&#8221;%5B%7B%22value_role%22%3A%22administrator%22%7D%5D&#8221;][vc_column width=&#8221;1\/2&#8243;][vc_single_image image=&#8221;59&#8243; img_size=&#8221;full&#8221; alignment=&#8221;center&#8221; css=&#8221;.vc_custom_1708381549255{margin-bottom: 10px !important;padding-top: 14% !important;padding-right: 14% !important;padding-left: 14% !important;}&#8221;][vc_custom_heading text=&#8221;Mercedes Sprinter 14&#8243; font_container=&#8221;tag:h3|text_align:center&#8221; use_theme_fonts=&#8221;yes&#8221;][vc_column_text css=&#8221;.vc_custom_1708382272552{margin-bottom: 10px !important;}&#8221;]<\/p>\n<h4 style=\"text-align: center;\">14 x <i class=\"fa fa-user\"><\/i>, 18 x <i class=\"Simple-Line-Icons-briefcase\"><\/i> (or combination)<\/h4>\n<p>[\/vc_column_text][vc_column_text]La solution la plus luxueuse, confortable et \u00e9conomique pour les petits groupes ou les grandes familles. Partagez avec vos amis l\u2019exp\u00e9rience du voyage, la beaut\u00e9 de l\u2019excursion et les d\u00e9penses.[\/vc_column_text][\/vc_column][vc_column width=&#8221;1\/2&#8243;][vc_single_image image=&#8221;60&#8243; img_size=&#8221;full&#8221; alignment=&#8221;center&#8221; css=&#8221;.vc_custom_1708381558808{margin-bottom: 10px !important;padding-top: 14% !important;padding-right: 14% !important;padding-left: 14% !important;}&#8221;][vc_custom_heading text=&#8221;Mercedes Sprinter 20&#8243; font_container=&#8221;tag:h3|text_align:center&#8221; use_theme_fonts=&#8221;yes&#8221;][vc_column_text]<\/p>\n<h4 style=\"text-align: center;\">20 x <i class=\"fa fa-user\"><\/i>, 22 x <i class=\"Simple-Line-Icons-briefcase\"><\/i> (or combination)<\/h4>\n<p>[\/vc_column_text][vc_column_text]Notre produit phare: moderne, s\u00fbr, abordable. Pour les grands groupes de clients et les entreprises. Un grand v\u00e9hicule de luxe qui vous surprendra avec les prix tr\u00e8s bas que nous vous proposons: jusqu\u2019\u00e0 20 passagers avec \u00ab\u00a0beaucoup\u00a0\u00bb de valises.[\/vc_column_text][\/vc_column][\/vc_row]<\/p>\n<\/div>","protected":false},"excerpt":{"rendered":"<p>[vc_row css=&#8221;.vc_custom_1706121921442{padding-top: 20px !important;}&#8221; conditional_render=&#8221;%5B%7B%22value_role%22%3A%22administrator%22%7D%5D&#8221;][vc_column width=&#8221;1\/3&#8243;][vc_single_image image=&#8221;61&#8243; img_size=&#8221;full&#8221; alignment=&#8221;center&#8221; css=&#8221;.vc_custom_1708381297607{margin-bottom: 10px !important;padding-top: 10% !important;padding-right: 10% !important;padding-left: 10% !important;}&#8221;][vc_custom_heading text=&#8221;Taxi Mercedes E Class&#8221; font_container=&#8221;tag:h3|text_align:center&#8221; use_theme_fonts=&#8221;yes&#8221;][vc_column_text] 4 x , 4 x (or combination) [\/vc_column_text][vc_column_text]Un choix populaire et abordable pour les besoins de transport les plus quotidiens. Il pourra accueillir quatre passagers, une grande et deux petites valises.[\/vc_column_text][\/vc_column][vc_column [&hellip;]<\/p>\n","protected":false},"author":1,"featured_media":0,"parent":0,"menu_order":0,"comment_status":"closed","ping_status":"closed","template":"","meta":{"footnotes":""},"_links":{"self":[{"href":"https:\/\/www.athensairporttaxi.info\/fr\/wp-json\/wp\/v2\/pages\/13054"}],"collection":[{"href":"https:\/\/www.athensairporttaxi.info\/fr\/wp-json\/wp\/v2\/pages"}],"about":[{"href":"https:\/\/www.athensairporttaxi.info\/fr\/wp-json\/wp\/v2\/types\/page"}],"author":[{"embeddable":true,"href":"https:\/\/www.athensairporttaxi.info\/fr\/wp-json\/wp\/v2\/users\/1"}],"replies":[{"embeddable":true,"href":"https:\/\/www.athensairporttaxi.info\/fr\/wp-json\/wp\/v2\/comments?post=13054"}],"version-history":[{"count":3,"href":"https:\/\/www.athensairporttaxi.info\/fr\/wp-json\/wp\/v2\/pages\/13054\/revisions"}],"predecessor-version":[{"id":13078,"href":"https:\/\/www.athensairporttaxi.info\/fr\/wp-json\/wp\/v2\/pages\/13054\/revisions\/13078"}],"wp:attachment":[{"href":"https:\/\/www.athensairporttaxi.info\/fr\/wp-json\/wp\/v2\/media?parent=13054"}],"curies":[{"name":"wp","href":"https:\/\/api.w.org\/{rel}","templated":true}]}}