{"id":12679,"date":"2024-01-15T16:49:20","date_gmt":"2024-01-15T14:49:20","guid":{"rendered":"https:\/\/www.athensairporttaxi.info\/?page_id=12679"},"modified":"2024-05-12T01:35:18","modified_gmt":"2024-05-11T23:35:18","slug":"contact-nous","status":"publish","type":"page","link":"https:\/\/www.athensairporttaxi.info\/fr\/contact-nous\/","title":{"rendered":"Contactez"},"content":{"rendered":"<div class=\"wpb-content-wrapper\"><p>[vc_row wrap_container=&#8221;yes&#8221; gap=&#8221;35&#8243; css_animation=&#8221;none&#8221; animation_delay=&#8221;200&#8243; el_class=&#8221;m-b-xl&#8221; css=&#8221;.vc_custom_1622977413010{margin-top: 0px !important;margin-bottom: 0px !important;padding-top: 40px !important;padding-bottom: 40px !important;background-color: #fbfbfb !important;}&#8221;][vc_column width=&#8221;1\/3&#8243; text_align=&#8221;center&#8221; el_class=&#8221;rightborder1&#8243;][vc_column_text]<\/p>\n<h2><span style=\"font-size: 20px;\">Athens Airport Taxi<\/span><strong><br \/>\n<\/strong><\/h2>\n<p>Notre t\u00e9l\u00e9phone: +306941649464<br \/>\nWhats app \/ Viber: +306941649464<br \/>\nE-mail: hello@athensairporttaxi.info<br \/>\n\u0397eures de travail: Disponible 24\/7<\/p>\n<p>Adresse:<br \/>\nGeorgiou Seferi 23, Dafni, Attica &#8211; Greece[\/vc_column_text][vc_separator color=&#8221;custom&#8221; gradient=&#8221;yes&#8221;]<a class=\"porto-sicon-box-link\" href=\"https:\/\/www.tripadvisor.co.uk\/Attraction_Review-g189400-d10639916-Reviews-AthensAirport_Taxi-Athens_Attica.html\" target=\"_blank\" title=\"athens taxi\" rel=\"noopener\"><div class=\"porto-sicon-box  wpb_custom_6bd3ea43243bb56571d580d187f8d1d7 style_1 top-icon\"><div class=\"porto-sicon-top\"><div id=\"porto-icon-150773673569e09a1359e24\" class=\"porto-just-icon-wrapper porto-sicon-img\" style=\"font-size: 22px;\"><img class=\"img-icon\" alt=\"\" src=\"https:\/\/www.athensairporttaxi.info\/wp-content\/uploads\/2024\/01\/tripadvisor-taxi-athens.png\" width=\"22\" height=\"20\" \/><\/div><\/div><div class=\"porto-sicon-header\"><h4 class=\"porto-sicon-title\" style=\"\">Trip Advisor<\/h4><\/div> <!-- header --><\/div><!-- porto-sicon-box --><\/a><div class=\"porto-sicon-box  wpb_custom_6bd3ea43243bb56571d580d187f8d1d7 style_1 top-icon\"><div class=\"porto-sicon-top\"><div class=\"porto-just-icon-wrapper porto-icon none\" style=\"color:#171717;font-size:20px;\"><i class=\"fab fa-facebook-f\"><\/i><\/div><\/div><div class=\"porto-sicon-header\"><h4 class=\"porto-sicon-title\" style=\"\">facebook<\/h4><\/div> <!-- header --><\/div><!-- porto-sicon-box -->[vc_separator color=&#8221;custom&#8221; gradient=&#8221;yes&#8221;][vc_single_image image=&#8221;376&#8243; img_size=&#8221;full&#8221; add_caption=&#8221;yes&#8221; alignment=&#8221;center&#8221;][\/vc_column][vc_column width=&#8221;2\/3&#8243;][vc_column_text]<\/p>\n<p style=\"padding-top: 8px;\">Veuillez noter que ceci est un contact\/demande\/question et non une r\u00e9servation automatique. Nous v\u00e9rifierons tous les d\u00e9tails et vous contacterons bient\u00f4t. Notre temps de r\u00e9ponse est rapide.<\/p>\n<p>&nbsp;<\/p>\n<div class=\"wpcf7 no-js\" id=\"wpcf7-f13084-o1\" lang=\"en-US\" dir=\"ltr\">\n<div class=\"screen-reader-response\"><p role=\"status\" aria-live=\"polite\" aria-atomic=\"true\"><\/p> <ul><\/ul><\/div>\n<form action=\"\/fr\/wp-json\/wp\/v2\/pages\/12679#wpcf7-f13084-o1\" method=\"post\" class=\"wpcf7-form init\" aria-label=\"Contact form\" novalidate=\"novalidate\" data-status=\"init\">\n<div style=\"display: none;\">\n<input type=\"hidden\" name=\"_wpcf7\" value=\"13084\" \/>\n<input type=\"hidden\" name=\"_wpcf7_version\" value=\"5.8.6\" \/>\n<input type=\"hidden\" name=\"_wpcf7_locale\" value=\"en_US\" \/>\n<input type=\"hidden\" name=\"_wpcf7_unit_tag\" value=\"wpcf7-f13084-o1\" \/>\n<input type=\"hidden\" name=\"_wpcf7_container_post\" value=\"0\" \/>\n<input type=\"hidden\" name=\"_wpcf7_posted_data_hash\" value=\"\" \/>\n<\/div>\n<p><label> Votre nom<br \/>\n<span class=\"wpcf7-form-control-wrap\" data-name=\"your-name\"><input size=\"40\" class=\"wpcf7-form-control wpcf7-text wpcf7-validates-as-required\" autocomplete=\"name\" aria-required=\"true\" aria-invalid=\"false\" value=\"\" type=\"text\" name=\"your-name\" \/><\/span> <\/label>\n<\/p>\n<p><label> Votre email<br \/>\n<span class=\"wpcf7-form-control-wrap\" data-name=\"your-email\"><input size=\"40\" class=\"wpcf7-form-control wpcf7-email wpcf7-validates-as-required wpcf7-text wpcf7-validates-as-email\" autocomplete=\"email\" aria-required=\"true\" aria-invalid=\"false\" value=\"\" type=\"email\" name=\"your-email\" \/><\/span> <\/label>\n<\/p>\n<p><label> Num\u00e9ro de t\u00e9l\u00e9phone<br \/>\n<span class=\"wpcf7-form-control-wrap\" data-name=\"tel1\"><input size=\"40\" class=\"wpcf7-form-control wpcf7-tel wpcf7-validates-as-required wpcf7-text wpcf7-validates-as-tel\" autocomplete=\"Mob\" aria-required=\"true\" aria-invalid=\"false\" value=\"\" type=\"tel\" name=\"tel1\" \/><\/span> <\/label>\n<\/p>\n<p><label> Sujet<br \/>\n<span class=\"wpcf7-form-control-wrap\" data-name=\"your-subject\"><input size=\"40\" class=\"wpcf7-form-control wpcf7-text wpcf7-validates-as-required\" aria-required=\"true\" aria-invalid=\"false\" value=\"\" type=\"text\" name=\"your-subject\" \/><\/span> <\/label>\n<\/p>\n<p><label> Votre message<br \/>\n<span class=\"wpcf7-form-control-wrap\" data-name=\"your-message\"><textarea cols=\"40\" rows=\"10\" class=\"wpcf7-form-control wpcf7-textarea wpcf7-validates-as-required\" aria-required=\"true\" aria-invalid=\"false\" name=\"your-message\"><\/textarea><\/span> <\/label>\n<\/p>\n<p>Tapez le num\u00e9ro <strong>248<\/strong> dans le champ: <span class=\"wpcf7-form-control-wrap\" data-name=\"quiz\"><label><span class=\"wpcf7-quiz-label\"><\/span> <input size=\"40\" class=\"wpcf7-form-control wpcf7-quiz\" autocomplete=\"off\" aria-required=\"true\" aria-invalid=\"false\" type=\"text\" name=\"quiz\" \/><\/label><input type=\"hidden\" name=\"_wpcf7_quiz_answer_quiz\" value=\"fa2a470ff9770059f1db2c2b70ec7ed8\" \/><\/span>\n<\/p>\n<p><input class=\"wpcf7-form-control wpcf7-submit has-spinner\" type=\"submit\" value=\"Envoyer\" \/>\n<\/p><div class=\"wpcf7-response-output\" aria-hidden=\"true\"><\/div>\n<\/form>\n<\/div>\n[\/vc_column_text][\/vc_column][\/vc_row]<\/p>\n<\/div>","protected":false},"excerpt":{"rendered":"<p>[vc_row wrap_container=&#8221;yes&#8221; gap=&#8221;35&#8243; css_animation=&#8221;none&#8221; animation_delay=&#8221;200&#8243; el_class=&#8221;m-b-xl&#8221; css=&#8221;.vc_custom_1622977413010{margin-top: 0px !important;margin-bottom: 0px !important;padding-top: 40px !important;padding-bottom: 40px !important;background-color: #fbfbfb !important;}&#8221;][vc_column width=&#8221;1\/3&#8243; text_align=&#8221;center&#8221; el_class=&#8221;rightborder1&#8243;][vc_column_text] Athens Airport Taxi Notre t\u00e9l\u00e9phone: +306941649464 Whats app \/ Viber: +306941649464 E-mail: hello@athensairporttaxi.info \u0397eures de travail: Disponible 24\/7 Adresse: Georgiou Seferi 23, Dafni, Attica &#8211; Greece[\/vc_column_text][vc_separator color=&#8221;custom&#8221; gradient=&#8221;yes&#8221;][vc_separator color=&#8221;custom&#8221; gradient=&#8221;yes&#8221;][vc_single_image image=&#8221;376&#8243; img_size=&#8221;full&#8221; add_caption=&#8221;yes&#8221; alignment=&#8221;center&#8221;][\/vc_column][vc_column width=&#8221;2\/3&#8243;][vc_column_text] [&hellip;]<\/p>\n","protected":false},"author":1,"featured_media":0,"parent":0,"menu_order":0,"comment_status":"closed","ping_status":"closed","template":"","meta":{"footnotes":""},"_links":{"self":[{"href":"https:\/\/www.athensairporttaxi.info\/fr\/wp-json\/wp\/v2\/pages\/12679"}],"collection":[{"href":"https:\/\/www.athensairporttaxi.info\/fr\/wp-json\/wp\/v2\/pages"}],"about":[{"href":"https:\/\/www.athensairporttaxi.info\/fr\/wp-json\/wp\/v2\/types\/page"}],"author":[{"embeddable":true,"href":"https:\/\/www.athensairporttaxi.info\/fr\/wp-json\/wp\/v2\/users\/1"}],"replies":[{"embeddable":true,"href":"https:\/\/www.athensairporttaxi.info\/fr\/wp-json\/wp\/v2\/comments?post=12679"}],"version-history":[{"count":9,"href":"https:\/\/www.athensairporttaxi.info\/fr\/wp-json\/wp\/v2\/pages\/12679\/revisions"}],"predecessor-version":[{"id":13928,"href":"https:\/\/www.athensairporttaxi.info\/fr\/wp-json\/wp\/v2\/pages\/12679\/revisions\/13928"}],"wp:attachment":[{"href":"https:\/\/www.athensairporttaxi.info\/fr\/wp-json\/wp\/v2\/media?parent=12679"}],"curies":[{"name":"wp","href":"https:\/\/api.w.org\/{rel}","templated":true}]}}