{"id":12667,"date":"2024-01-15T16:49:01","date_gmt":"2024-01-15T14:49:01","guid":{"rendered":"https:\/\/www.athensairporttaxi.info\/?page_id=12667"},"modified":"2024-05-12T01:40:16","modified_gmt":"2024-05-11T23:40:16","slug":"questions-frequemment-posees","status":"publish","type":"page","link":"https:\/\/www.athensairporttaxi.info\/fr\/questions-frequemment-posees\/","title":{"rendered":"FAQs"},"content":{"rendered":"<div class=\"wpb-content-wrapper\"><p>[vc_row][vc_column][vc_custom_heading text=&#8221;Questions fr\u00e9quemment pos\u00e9es&#8221; use_theme_fonts=&#8221;yes&#8221;][vc_toggle title=&#8221;\u00c0 quelle heure dois-je r\u00e9server ma voiture?&#8221;]Le plus t\u00f4t le mieux. Cependant, 12 heures avant votre voyage serait recommand\u00e9. Si vous effectuez une r\u00e9servation de derni\u00e8re minute, il est pr\u00e9f\u00e9rable de nous appeler pour confirmer.[\/vc_toggle][vc_toggle title=&#8221;Puis-je faire une r\u00e9servation par t\u00e9l\u00e9phone?&#8221;]Oui, vous pouvez effectuer une r\u00e9servation par t\u00e9l\u00e9phone en appelant le +30 694 164 9464.+30 694 164 9464.[\/vc_toggle][vc_toggle title=&#8221;Comment savoir si ma r\u00e9servation est confirm\u00e9e?&#8221;]Une fois la r\u00e9servation effectu\u00e9e, vous recevrez un e-mail confirmant votre r\u00e9servation. Vous pouvez \u00e9galement appeler notre salle de contr\u00f4le 24 heures sur 24 et nos contr\u00f4leurs se feront un plaisir de vous informer si votre r\u00e9servation est confirm\u00e9e.[\/vc_toggle][vc_toggle title=&#8221;Et si le vol est retard\u00e9 ou t\u00f4t?&#8221;]Nous v\u00e9rifierons l\u2019\u00e9tat du vol le jour m\u00eame et vous rencontrerons en cons\u00e9quence.[\/vc_toggle][vc_toggle title=&#8221;Comment trouver mon chauffeur \u00e0 l&#8217;a\u00e9roport?&#8221;]Notre chauffeur attendra dans le hall d\u2019arriv\u00e9e avec votre nom sur une carte, pr\u00e8s de la barri\u00e8re.[\/vc_toggle][vc_toggle title=&#8221;Votre service est-il disponible jour et nuit?&#8221;]Oui. Nous fonctionnons 24 heures sur 24, 7 jours sur 7, 365 jours par an.[\/vc_toggle][vc_toggle title=&#8221;Que se passe-t-il si je ne trouve pas mon chauffeur?&#8221;]Apr\u00e8s vous \u00eatre assur\u00e9 que vous avez correctement suivi les instructions de AthensAirportTaxi dans votre confirmation, contactez-nous au num\u00e9ro de contact \u00e9galement indiqu\u00e9 dans votre confirmation.[\/vc_toggle][vc_toggle title=&#8221;\u00cates-vous une entreprise agr\u00e9\u00e9e?&#8221;]Oui. Nous sommes officiellement autoris\u00e9s par le minist\u00e8re du Tourisme de la Gr\u00e8ce \u00e0 transporter le public.[\/vc_toggle][\/vc_column][\/vc_row]<\/p>\n<\/div>","protected":false},"excerpt":{"rendered":"<p>[vc_row][vc_column][vc_custom_heading text=&#8221;Questions fr\u00e9quemment pos\u00e9es&#8221; use_theme_fonts=&#8221;yes&#8221;][vc_toggle title=&#8221;\u00c0 quelle heure dois-je r\u00e9server ma voiture?&#8221;]Le plus t\u00f4t le mieux. Cependant, 12 heures avant votre voyage serait recommand\u00e9. Si vous effectuez une r\u00e9servation de derni\u00e8re minute, il est pr\u00e9f\u00e9rable de nous appeler pour confirmer.[\/vc_toggle][vc_toggle title=&#8221;Puis-je faire une r\u00e9servation par t\u00e9l\u00e9phone?&#8221;]Oui, vous pouvez effectuer une r\u00e9servation par t\u00e9l\u00e9phone en appelant [&hellip;]<\/p>\n","protected":false},"author":1,"featured_media":0,"parent":0,"menu_order":0,"comment_status":"closed","ping_status":"closed","template":"","meta":{"footnotes":""},"_links":{"self":[{"href":"https:\/\/www.athensairporttaxi.info\/fr\/wp-json\/wp\/v2\/pages\/12667"}],"collection":[{"href":"https:\/\/www.athensairporttaxi.info\/fr\/wp-json\/wp\/v2\/pages"}],"about":[{"href":"https:\/\/www.athensairporttaxi.info\/fr\/wp-json\/wp\/v2\/types\/page"}],"author":[{"embeddable":true,"href":"https:\/\/www.athensairporttaxi.info\/fr\/wp-json\/wp\/v2\/users\/1"}],"replies":[{"embeddable":true,"href":"https:\/\/www.athensairporttaxi.info\/fr\/wp-json\/wp\/v2\/comments?post=12667"}],"version-history":[{"count":4,"href":"https:\/\/www.athensairporttaxi.info\/fr\/wp-json\/wp\/v2\/pages\/12667\/revisions"}],"predecessor-version":[{"id":13896,"href":"https:\/\/www.athensairporttaxi.info\/fr\/wp-json\/wp\/v2\/pages\/12667\/revisions\/13896"}],"wp:attachment":[{"href":"https:\/\/www.athensairporttaxi.info\/fr\/wp-json\/wp\/v2\/media?parent=12667"}],"curies":[{"name":"wp","href":"https:\/\/api.w.org\/{rel}","templated":true}]}}