{"id":13056,"date":"2024-01-15T17:50:34","date_gmt":"2024-01-15T15:50:34","guid":{"rendered":"https:\/\/www.athensairporttaxi.info\/?page_id=13056"},"modified":"2024-05-09T23:14:41","modified_gmt":"2024-05-09T21:14:41","slug":"nuestra-flota","status":"publish","type":"page","link":"https:\/\/www.athensairporttaxi.info\/es\/nuestra-flota\/","title":{"rendered":"Nuestra Flota"},"content":{"rendered":"<div class=\"wpb-content-wrapper\"><p>[vc_row css=&#8221;.vc_custom_1706121921442{padding-top: 20px !important;}&#8221; conditional_render=&#8221;%5B%7B%22value_role%22%3A%22administrator%22%7D%5D&#8221;][vc_column width=&#8221;1\/3&#8243;][vc_single_image image=&#8221;61&#8243; img_size=&#8221;full&#8221; alignment=&#8221;center&#8221; css=&#8221;.vc_custom_1708381297607{margin-bottom: 10px !important;padding-top: 10% !important;padding-right: 10% !important;padding-left: 10% !important;}&#8221;][vc_custom_heading text=&#8221;Taxi Mercedes E Class&#8221; font_container=&#8221;tag:h3|text_align:center&#8221; use_theme_fonts=&#8221;yes&#8221;][vc_column_text]<\/p>\n<h4 style=\"text-align: center;\">4 x <i class=\"fa fa-user\"><\/i>, 4 x <i class=\"Simple-Line-Icons-briefcase\"><\/i> (or combination)<\/h4>\n<p>[\/vc_column_text][vc_column_text]Una opci\u00f3n popular y asequible para las necesidades de transporte m\u00e1s cotidianas. Se acomodar\u00e1n cuatro pasajeros, uno grande y dos maletas peque\u00f1as.[\/vc_column_text][\/vc_column][vc_column width=&#8221;1\/3&#8243;][vc_single_image image=&#8221;62&#8243; img_size=&#8221;full&#8221; alignment=&#8221;center&#8221; css=&#8221;.vc_custom_1708381308463{margin-bottom: 10px !important;padding-top: 10% !important;padding-right: 10% !important;padding-left: 10% !important;}&#8221;][vc_custom_heading text=&#8221;Mercedes MiniVan 6&#8243; font_container=&#8221;tag:h3|text_align:center&#8221; use_theme_fonts=&#8221;yes&#8221;][vc_column_text]<\/p>\n<h4 style=\"text-align: center;\">6 x <i class=\"fa fa-user\"><\/i>, 8 x <i class=\"Simple-Line-Icons-briefcase\"><\/i> (or combination)<\/h4>\n<p>[\/vc_column_text][vc_column_text]Para m\u00e1s de cuatro personas o para m\u00e1s maletas.<br \/>\nIncluso ideal para aquellos que quieren comodidad y espacio en su viaje. Hasta seis pasajeros y ocho maletas.[\/vc_column_text][\/vc_column][vc_column width=&#8221;1\/3&#8243;][vc_single_image image=&#8221;63&#8243; img_size=&#8221;full&#8221; alignment=&#8221;center&#8221; css=&#8221;.vc_custom_1708381333267{margin-bottom: 10px !important;padding-top: 10% !important;padding-right: 10% !important;padding-left: 10% !important;}&#8221;][vc_custom_heading text=&#8221;Mercedes MiniVan 8&#8243; font_container=&#8221;tag:h3|text_align:center&#8221; use_theme_fonts=&#8221;yes&#8221;][vc_column_text]<\/p>\n<h4 style=\"text-align: center;\">8 x <i class=\"fa fa-user\"><\/i>, 10 x <i class=\"Simple-Line-Icons-briefcase\"><\/i> (or combination)<\/h4>\n<p>[\/vc_column_text][vc_column_text]El problema no es solo llegar a su destino, sino avanzar un paso m\u00e1s. Hasta ocho pasajeros y diez maletas.[\/vc_column_text][\/vc_column][\/vc_row][vc_row css=&#8221;.vc_custom_1708382400512{padding-top: 0px !important;}&#8221; conditional_render=&#8221;%5B%7B%22value_role%22%3A%22administrator%22%7D%5D&#8221;][vc_column width=&#8221;1\/2&#8243;][vc_single_image image=&#8221;59&#8243; img_size=&#8221;full&#8221; alignment=&#8221;center&#8221; css=&#8221;.vc_custom_1708381549255{margin-bottom: 10px !important;padding-top: 14% !important;padding-right: 14% !important;padding-left: 14% !important;}&#8221;][vc_custom_heading text=&#8221;Mercedes Sprinter 14&#8243; font_container=&#8221;tag:h3|text_align:center&#8221; use_theme_fonts=&#8221;yes&#8221;][vc_column_text css=&#8221;.vc_custom_1708382272552{margin-bottom: 10px !important;}&#8221;]<\/p>\n<h4 style=\"text-align: center;\">14 x <i class=\"fa fa-user\"><\/i>, 18 x <i class=\"Simple-Line-Icons-briefcase\"><\/i> (or combination)<\/h4>\n<p>[\/vc_column_text][vc_column_text]La soluci\u00f3n m\u00e1s lujosa, c\u00f3moda y asequible para grupos peque\u00f1os o familias numerosas. Comparte con amigos la experiencia del viaje, la belleza de la excursi\u00f3n y los gastos.[\/vc_column_text][\/vc_column][vc_column width=&#8221;1\/2&#8243;][vc_single_image image=&#8221;60&#8243; img_size=&#8221;full&#8221; alignment=&#8221;center&#8221; css=&#8221;.vc_custom_1708381558808{margin-bottom: 10px !important;padding-top: 14% !important;padding-right: 14% !important;padding-left: 14% !important;}&#8221;][vc_custom_heading text=&#8221;Mercedes Sprinter 20&#8243; font_container=&#8221;tag:h3|text_align:center&#8221; use_theme_fonts=&#8221;yes&#8221;][vc_column_text]<\/p>\n<h4 style=\"text-align: center;\">20 x <i class=\"fa fa-user\"><\/i>, 22 x <i class=\"Simple-Line-Icons-briefcase\"><\/i> (or combination)<\/h4>\n<p>[\/vc_column_text][vc_column_text]Nuestro buque insignia. Moderno, seguro, asequible. Para grandes grupos de clientes y clientes corporativos. Un gran veh\u00edculo de lujo que te sorprender\u00e1 con los precios muy bajos que ofrecemos. Hasta 20 pasajeros con \u00abmuchas\u00bb maletas.[\/vc_column_text][\/vc_column][\/vc_row]<\/p>\n<\/div>","protected":false},"excerpt":{"rendered":"<p>[vc_row css=&#8221;.vc_custom_1706121921442{padding-top: 20px !important;}&#8221; conditional_render=&#8221;%5B%7B%22value_role%22%3A%22administrator%22%7D%5D&#8221;][vc_column width=&#8221;1\/3&#8243;][vc_single_image image=&#8221;61&#8243; img_size=&#8221;full&#8221; alignment=&#8221;center&#8221; css=&#8221;.vc_custom_1708381297607{margin-bottom: 10px !important;padding-top: 10% !important;padding-right: 10% !important;padding-left: 10% !important;}&#8221;][vc_custom_heading text=&#8221;Taxi Mercedes E Class&#8221; font_container=&#8221;tag:h3|text_align:center&#8221; use_theme_fonts=&#8221;yes&#8221;][vc_column_text] 4 x , 4 x (or combination) [\/vc_column_text][vc_column_text]Una opci\u00f3n popular y asequible para las necesidades de transporte m\u00e1s cotidianas. Se acomodar\u00e1n cuatro pasajeros, uno grande y dos maletas peque\u00f1as.[\/vc_column_text][\/vc_column][vc_column width=&#8221;1\/3&#8243;][vc_single_image image=&#8221;62&#8243; [&hellip;]<\/p>\n","protected":false},"author":1,"featured_media":0,"parent":0,"menu_order":0,"comment_status":"closed","ping_status":"closed","template":"","meta":{"footnotes":""},"_links":{"self":[{"href":"https:\/\/www.athensairporttaxi.info\/es\/wp-json\/wp\/v2\/pages\/13056"}],"collection":[{"href":"https:\/\/www.athensairporttaxi.info\/es\/wp-json\/wp\/v2\/pages"}],"about":[{"href":"https:\/\/www.athensairporttaxi.info\/es\/wp-json\/wp\/v2\/types\/page"}],"author":[{"embeddable":true,"href":"https:\/\/www.athensairporttaxi.info\/es\/wp-json\/wp\/v2\/users\/1"}],"replies":[{"embeddable":true,"href":"https:\/\/www.athensairporttaxi.info\/es\/wp-json\/wp\/v2\/comments?post=13056"}],"version-history":[{"count":3,"href":"https:\/\/www.athensairporttaxi.info\/es\/wp-json\/wp\/v2\/pages\/13056\/revisions"}],"predecessor-version":[{"id":13076,"href":"https:\/\/www.athensairporttaxi.info\/es\/wp-json\/wp\/v2\/pages\/13056\/revisions\/13076"}],"wp:attachment":[{"href":"https:\/\/www.athensairporttaxi.info\/es\/wp-json\/wp\/v2\/media?parent=13056"}],"curies":[{"name":"wp","href":"https:\/\/api.w.org\/{rel}","templated":true}]}}