{"id":12673,"date":"2024-01-15T16:49:01","date_gmt":"2024-01-15T14:49:01","guid":{"rendered":"https:\/\/www.athensairporttaxi.info\/?page_id=12673"},"modified":"2024-02-28T10:39:15","modified_gmt":"2024-02-28T10:39:15","slug":"preguntas-frecuentes","status":"publish","type":"page","link":"https:\/\/www.athensairporttaxi.info\/es\/preguntas-frecuentes\/","title":{"rendered":"Preguntas frecuentes"},"content":{"rendered":"<div class=\"wpb-content-wrapper\"><p>[vc_row][vc_column][vc_custom_heading text=&#8221;Preguntas frecuentes&#8221; use_theme_fonts=&#8221;yes&#8221;][vc_toggle title=&#8221;\u00bfQu\u00e9 tan pronto debo reservar mi coche?&#8221;]Cuanto antes mejor. Sin embargo, se recomienda 12 horas antes de su viaje. Si est\u00e1 haciendo una reserva de \u00faltima hora, es mejor que nos llame para confirmar.[\/vc_toggle][vc_toggle title=&#8221;\u00bfPuedo hacer una reserva por tel\u00e9fono?&#8221;]S\u00ed, puede hacer una reserva en el tel\u00e9fono llamando al +30 694 164 9464.[\/vc_toggle][vc_toggle title=&#8221;\u00bfC\u00f3mo puedo saber si mi reserva est\u00e1 confirmada?&#8221;]Una vez realizada la reserva, recibir\u00e1 un correo electr\u00f3nico confirmando su reserva. Tambi\u00e9n puede llamar a nuestra sala de control las 24 horas y nuestros controladores estar\u00e1n encantados de informarle si su reserva est\u00e1 confirmada.[\/vc_toggle][vc_toggle title=&#8221;\u00bfQu\u00e9 pasa si el vuelo se retrasa o temprano?&#8221;]Comprobaremos el estado del vuelo el d\u00eda y nos reuniremos con usted en consecuencia.[\/vc_toggle][vc_toggle title=&#8221;\u00bfC\u00f3mo encuentro a mi conductor en el aeropuerto?&#8221;]Nuestro conductor esperar\u00e1 en la sala de llegadas con su nombre en una tarjeta, junto a la barrera.[\/vc_toggle][vc_toggle title=&#8221;\u00bfEst\u00e1 su servicio disponible d\u00eda y noche?&#8221;]S\u00ed. Operamos las 24 horas los 7 d\u00edas de la semana, los 365 d\u00edas del a\u00f1o.[\/vc_toggle][vc_toggle title=&#8221;\u00bfQu\u00e9 pasa si no puedo encontrar mi controlador?&#8221;]Una vez que se haya asegurado de haber seguido correctamente las instrucciones de AthensAirportTaxi en su confirmaci\u00f3n, comun\u00edquese con nosotros al n\u00famero de contacto que tambi\u00e9n se proporciona en su confirmaci\u00f3n.[\/vc_toggle][vc_toggle title=&#8221;\u00bfEres una empresa con licencia?&#8221;]S\u00ed. Estamos oficialmente autorizados por el Ministerio de Turismo de Grecia para llevar al p\u00fablico.[\/vc_toggle][\/vc_column][\/vc_row]<\/p>\n<\/div>","protected":false},"excerpt":{"rendered":"<p>[vc_row][vc_column][vc_custom_heading text=&#8221;Preguntas frecuentes&#8221; use_theme_fonts=&#8221;yes&#8221;][vc_toggle title=&#8221;\u00bfQu\u00e9 tan pronto debo reservar mi coche?&#8221;]Cuanto antes mejor. Sin embargo, se recomienda 12 horas antes de su viaje. Si est\u00e1 haciendo una reserva de \u00faltima hora, es mejor que nos llame para confirmar.[\/vc_toggle][vc_toggle title=&#8221;\u00bfPuedo hacer una reserva por tel\u00e9fono?&#8221;]S\u00ed, puede hacer una reserva en el tel\u00e9fono llamando al +30 694 [&hellip;]<\/p>\n","protected":false},"author":1,"featured_media":0,"parent":0,"menu_order":0,"comment_status":"closed","ping_status":"closed","template":"","meta":{"footnotes":""},"_links":{"self":[{"href":"https:\/\/www.athensairporttaxi.info\/es\/wp-json\/wp\/v2\/pages\/12673"}],"collection":[{"href":"https:\/\/www.athensairporttaxi.info\/es\/wp-json\/wp\/v2\/pages"}],"about":[{"href":"https:\/\/www.athensairporttaxi.info\/es\/wp-json\/wp\/v2\/types\/page"}],"author":[{"embeddable":true,"href":"https:\/\/www.athensairporttaxi.info\/es\/wp-json\/wp\/v2\/users\/1"}],"replies":[{"embeddable":true,"href":"https:\/\/www.athensairporttaxi.info\/es\/wp-json\/wp\/v2\/comments?post=12673"}],"version-history":[{"count":3,"href":"https:\/\/www.athensairporttaxi.info\/es\/wp-json\/wp\/v2\/pages\/12673\/revisions"}],"predecessor-version":[{"id":13071,"href":"https:\/\/www.athensairporttaxi.info\/es\/wp-json\/wp\/v2\/pages\/12673\/revisions\/13071"}],"wp:attachment":[{"href":"https:\/\/www.athensairporttaxi.info\/es\/wp-json\/wp\/v2\/media?parent=12673"}],"curies":[{"name":"wp","href":"https:\/\/api.w.org\/{rel}","templated":true}]}}