{"id":13966,"date":"2024-01-15T16:47:56","date_gmt":"2024-01-15T14:47:56","guid":{"rendered":"https:\/\/www.athensairporttaxi.info\/?page_id=13966"},"modified":"2024-05-09T23:31:22","modified_gmt":"2024-05-09T21:31:22","slug":"ueber-uns","status":"publish","type":"page","link":"https:\/\/www.athensairporttaxi.info\/de\/ueber-uns\/","title":{"rendered":"\u00dcber uns"},"content":{"rendered":"<div class=\"wpb-content-wrapper\"><p>[vc_row content_placement=&#8221;middle&#8221; text_align=&#8221;center&#8221; conditional_render=&#8221;%5B%7B%22value_role%22%3A%22administrator%22%7D%5D&#8221; el_id=&#8221;about&#8221;][vc_column][vc_custom_heading text=&#8221;Die Athens Airport Taxi.info ist spezialisiert auf den Individualverkehr in der griechischen Hauptstadt und im ganzen griechischen Gebiet zu reisen.&#8221; font_container=&#8221;tag:h3|text_align:center&#8221; use_theme_fonts=&#8221;yes&#8221;][vc_column_text]Wir haben unser Wissen und unsere Erfahrung, um f\u00fcr jeden individuellen Reiseantrag die bestm\u00f6gliche L\u00f6sung zu finden. Wir benutzen moderne Fahrzeuge. Dies stellt sicher, dass Ihre Reise bei uns mit Komfort und Sicherheit abgeschlossen ist.<br \/>\nEs verf\u00fcgt \u00fcber eine Flotte von Luxusfahrzeugen in ausgezeichnetem Zustand. Kundenanforderungen werden mit absoluter Professionalit\u00e4t erf\u00fcllt.<br \/>\nWir bieten eine breite Palette von Dienstleistungen, die einen gew\u00f6hnlichen Stadttransfer zu einem angenehmen Erlebnis machen.<br \/>\nDer Buchungsvorgang ist einfach. Alle Mitarbeiter sind sorgf\u00e4ltig, gut ausgebildet und erfahren genug.<br \/>\nWir bieten einen freundlichen und umfassenden Gesch\u00e4ftsreiseservice f\u00fcr kleine und gro\u00dfe Unternehmen.[\/vc_column_text][\/vc_column][\/vc_row][vc_row wrap_container=&#8221;yes&#8221; gap=&#8221;35&#8243; css=&#8221;.vc_custom_1706125176750{padding-top: 20px !important;padding-bottom: 20px !important;}&#8221; conditional_render=&#8221;%5B%7B%22value_role%22%3A%22administrator%22%7D%5D&#8221;][vc_column width=&#8221;1\/3&#8243; animation_duration=&#8221;1200&#8243; animation_delay=&#8221;100&#8243; animation_type=&#8221;fadeInRight&#8221;][vc_single_image image=&#8221;10405&#8243; img_size=&#8221;full&#8221; alignment=&#8221;center&#8221; style=&#8221;vc_box_outline&#8221;][\/vc_column][vc_column width=&#8221;1\/3&#8243; animation_delay=&#8221;100&#8243; animation_type=&#8221;fadeIn&#8221;][vc_single_image image=&#8221;10404&#8243; img_size=&#8221;full&#8221; alignment=&#8221;center&#8221; style=&#8221;vc_box_outline&#8221;][\/vc_column][vc_column width=&#8221;1\/3&#8243; animation_duration=&#8221;1200&#8243; animation_delay=&#8221;100&#8243; animation_type=&#8221;fadeInLeft&#8221;][vc_single_image image=&#8221;10403&#8243; img_size=&#8221;full&#8221; alignment=&#8221;center&#8221; style=&#8221;vc_box_outline&#8221;][\/vc_column][\/vc_row][vc_row full_width=&#8221;stretch_row&#8221; equal_height=&#8221;yes&#8221; content_placement=&#8221;middle&#8221; conditional_render=&#8221;%5B%7B%22value_role%22%3A%22administrator%22%7D%5D&#8221; css=&#8221;.vc_custom_1705342864725{padding-top: 50px !important;background-color: #cccccc !important;}&#8221;][vc_column][vc_custom_heading text=&#8221;Gesch\u00e4ftsl\u00f6sungen: Taxi-Transfers und Executive-Transport mit AthensAirportTaxi.info&#8221; font_container=&#8221;tag:h3|text_align:center&#8221; use_theme_fonts=&#8221;yes&#8221;][vc_column_text]<\/p>\n<p style=\"text-align: center;\">Unsere Regierung Abteilung wird den Transport Ihrer Vertreter koordiniert und wird alles tun, ben\u00f6tigt, um Ihre Gesch\u00e4ftstreffen oder Fusion zu gew\u00e4hrleisten, ohne Transportprobleme abgeschlossen sein.<br \/>\nF\u00fcr Gesch\u00e4ftskunden bieten wir Kontofunktionen an.<br \/>\nDie Athens Airport Taxi.info in der Lage, zu jedem Transport organisiert Ihre Bed\u00fcrfnisse zu wettbewerbsf\u00e4higen Preisen und unter der griechischen und europ\u00e4ischer Gesetzgebung gerecht zu werden.<br \/>\nEs ist die ideale L\u00f6sung, unabh\u00e4ngig davon, ob es sich um eine kurze oder eine lange Reise handelt.<\/p>\n<p>[\/vc_column_text][\/vc_column][\/vc_row][vc_row][vc_column][vc_custom_heading text=&#8221;Zehn Gr\u00fcnde f\u00fcr Ihre Online-Buchung mit Athens Airport Taxi.info&#8221; font_container=&#8221;tag:h2|text_align:center&#8221; use_theme_fonts=&#8221;yes&#8221;][vc_toggle title=&#8221;Zuverl\u00e4ssigkeit und Professionalismus&#8221; open=&#8221;true&#8221;]Ziel von Athens Airport Taxi.info ist es, unseren Kunden den zuverl\u00e4ssigsten und sichersten Transport &#8211; Service zu einem wettbewerbsf\u00e4higen Preis anzubieten.<br \/>\nWas Athens Airport Taxi.info auszeichnet ist Team Work um grenz\u00fcberreifend die Bed\u00fcrfnisse unserer Kunden zu befriedigen.[\/vc_toggle][vc_toggle title=&#8221;Feste all inclusive Preise \u2013 top Preis-\/Leistungsverh\u00e4ltnis&#8221;]Athens Airport Taxi.info bietet feste Preise ohne versteckte Kosten. Die Preisinformationen k\u00f6nnen abgerufen werden entweder \u00fcber die Website von Athens Airport Taxi.info oder \u00fcber das Servicetelefon 0030 694 164 9464.[\/vc_toggle][vc_toggle title=&#8221;Sofortige Buchungsbest\u00e4tigung&#8221;]Sobald Ihre Online-Buchung abgeschlossen ist, wird die Buchung \u00fcberpr\u00fcft und von unseren Customer Service Operator best\u00e4tigt. Weitere Informationen rund um den Transport werden ebenfalls zur Verf\u00fcgung gestellt.[\/vc_toggle][vc_toggle title=&#8221;Komfort &#038; Qualit\u00e4t&#8221;]Das Team von Athens Airport Taxi.info ist bestrebt Ihre Erwartungen zu erf\u00fcllen:<br \/>\nZuverl\u00e4ssige Buchung sowie den Transfer zu einem Erlebnis zu machensodass er Ihnen in Erinnerung bleibt.<br \/>\nUnsere Fahrer sind gut qualifiziert und r\u00fccksichtsvoll.<br \/>\nAll unsere Fahrzeuge sind in einem top Zustand. Athens Airport Taxi.info ist stets f\u00fcr Sie da.<br \/>\nUnsere Fahrer holen Sie ab von wo immer Sie m\u00f6chten und fahren Sie sicher zu Ihrem Zielort. W\u00e4hrend genie\u00dfen Sie den Komfort der luxur\u00f6sen Fahrzeuge der Flotte von Athens Airport Taxi.info.[\/vc_toggle][vc_toggle title=&#8221;Sicherer Transport durch lizensierte englischsprachige Fahrer.&#8221;]Athens Airport Taxi.info bewahrt Sie vor dem Ungemach ein Taxi an der Stra\u00dfe stoppen zu m\u00fcssen, zu viel zu bezahlen oder Ihr Taxi mit anderen Fahrg\u00e4sten teilen zu m\u00fcssen. Einer unserer Fahrer wartet auf Sie und wir garantieren f\u00fcr einen lokal lizenzierten und erfahrenen Fahrer.<br \/>\nAthen On time bedeutet Sicherheit und Professionalit\u00e4t, darum sind wir f\u00fcr den Transport von Kindern und \u00e4lteren Menschen perfekt geeignet.[\/vc_toggle][vc_toggle title=&#8221;Spezialisiert auf Transport \u2013 Serviceleistungen&#8221;]Athens Airport Taxi.info ist spezialisiert auf den Transport zu und von allen Flugh\u00e4fen und Seeh\u00e4fen.[\/vc_toggle][vc_toggle title=&#8221;Transport \u2013 Service f\u00fcr Gesch\u00e4fts- und Privatveranstaltungen&#8221;]Wir bieten ebenfalls Transport \u2013 Service f\u00fcr Gesch\u00e4ftstreffen, Konferenzen und Privatveranstaltungen wie Sightseeing und private Touren an.[\/vc_toggle][vc_toggle title=&#8221;Meet and Greet Service&#8221;]Wir bieten Meet and Greet Service an allen Flugh\u00e4fen, H\u00e4fen und Kreuzfahrtpiers an. An Ihrem Ankunftsbereich (oder vor Ihrem Schiff) erwartet Sie unser Fahrer mit einem Schild mit Ihrem Namen.[\/vc_toggle][vc_toggle title=&#8221;Keine Extrageb\u00fchren f\u00fcr Flugversp\u00e4tungen&#8221;]Da wir den Flugstatus im Voraus \u00fcberwachen gibt es keine Extrageb\u00fchr f\u00fcr Flufversp\u00e4tungen.[\/vc_toggle][vc_toggle title=&#8221;Telefonunterst\u00fctzung&#8221;]Wir sind per Telefon jederzeit erreichbar um Ihre Fragen zu beantworten und Probleme zu kl\u00e4ren.[\/vc_toggle][\/vc_column][\/vc_row]<\/p>\n<\/div>","protected":false},"excerpt":{"rendered":"<p>[vc_row content_placement=&#8221;middle&#8221; text_align=&#8221;center&#8221; conditional_render=&#8221;%5B%7B%22value_role%22%3A%22administrator%22%7D%5D&#8221; el_id=&#8221;about&#8221;][vc_column][vc_custom_heading text=&#8221;Die Athens Airport Taxi.info ist spezialisiert auf den Individualverkehr in der griechischen Hauptstadt und im ganzen griechischen Gebiet zu reisen.&#8221; font_container=&#8221;tag:h3|text_align:center&#8221; use_theme_fonts=&#8221;yes&#8221;][vc_column_text]Wir haben unser Wissen und unsere Erfahrung, um f\u00fcr jeden individuellen Reiseantrag die bestm\u00f6gliche L\u00f6sung zu finden. Wir benutzen moderne Fahrzeuge. Dies stellt sicher, dass Ihre Reise bei uns [&hellip;]<\/p>\n","protected":false},"author":1,"featured_media":0,"parent":0,"menu_order":0,"comment_status":"closed","ping_status":"closed","template":"","meta":{"footnotes":""},"_links":{"self":[{"href":"https:\/\/www.athensairporttaxi.info\/de\/wp-json\/wp\/v2\/pages\/13966"}],"collection":[{"href":"https:\/\/www.athensairporttaxi.info\/de\/wp-json\/wp\/v2\/pages"}],"about":[{"href":"https:\/\/www.athensairporttaxi.info\/de\/wp-json\/wp\/v2\/types\/page"}],"author":[{"embeddable":true,"href":"https:\/\/www.athensairporttaxi.info\/de\/wp-json\/wp\/v2\/users\/1"}],"replies":[{"embeddable":true,"href":"https:\/\/www.athensairporttaxi.info\/de\/wp-json\/wp\/v2\/comments?post=13966"}],"version-history":[{"count":6,"href":"https:\/\/www.athensairporttaxi.info\/de\/wp-json\/wp\/v2\/pages\/13966\/revisions"}],"predecessor-version":[{"id":13972,"href":"https:\/\/www.athensairporttaxi.info\/de\/wp-json\/wp\/v2\/pages\/13966\/revisions\/13972"}],"wp:attachment":[{"href":"https:\/\/www.athensairporttaxi.info\/de\/wp-json\/wp\/v2\/media?parent=13966"}],"curies":[{"name":"wp","href":"https:\/\/api.w.org\/{rel}","templated":true}]}}