{"id":13055,"date":"2024-01-15T17:50:34","date_gmt":"2024-01-15T15:50:34","guid":{"rendered":"https:\/\/www.athensairporttaxi.info\/?page_id=13055"},"modified":"2024-05-09T23:12:40","modified_gmt":"2024-05-09T21:12:40","slug":"unsere-flotte","status":"publish","type":"page","link":"https:\/\/www.athensairporttaxi.info\/de\/unsere-flotte\/","title":{"rendered":"Unsere Flotte"},"content":{"rendered":"<div class=\"wpb-content-wrapper\"><p>[vc_row css=&#8221;.vc_custom_1706121921442{padding-top: 20px !important;}&#8221; conditional_render=&#8221;%5B%7B%22value_role%22%3A%22administrator%22%7D%5D&#8221;][vc_column width=&#8221;1\/3&#8243;][vc_single_image image=&#8221;61&#8243; img_size=&#8221;full&#8221; alignment=&#8221;center&#8221; css=&#8221;.vc_custom_1708381297607{margin-bottom: 10px !important;padding-top: 10% !important;padding-right: 10% !important;padding-left: 10% !important;}&#8221;][vc_custom_heading text=&#8221;Taxi Mercedes E Class&#8221; font_container=&#8221;tag:h3|text_align:center&#8221; use_theme_fonts=&#8221;yes&#8221;][vc_column_text]<\/p>\n<h4 style=\"text-align: center;\">4 x <i class=\"fa fa-user\"><\/i>, 4 x <i class=\"Simple-Line-Icons-briefcase\"><\/i> (or combination)<\/h4>\n<p>[\/vc_column_text][vc_column_text]Eine beliebte und erschwingliche Wahl f\u00fcr die allt\u00e4glichsten Transportbed\u00fcrfnisse. Es bietet Platz f\u00fcr vier Passagiere, einen gro\u00dfen und zwei kleine Koffer.[\/vc_column_text][\/vc_column][vc_column width=&#8221;1\/3&#8243;][vc_single_image image=&#8221;62&#8243; img_size=&#8221;full&#8221; alignment=&#8221;center&#8221; css=&#8221;.vc_custom_1708381308463{margin-bottom: 10px !important;padding-top: 10% !important;padding-right: 10% !important;padding-left: 10% !important;}&#8221;][vc_custom_heading text=&#8221;Mercedes MiniVan 6&#8243; font_container=&#8221;tag:h3|text_align:center&#8221; use_theme_fonts=&#8221;yes&#8221;][vc_column_text]<\/p>\n<h4 style=\"text-align: center;\">8 x <i class=\"fa fa-user\"><\/i>, 8 x <i class=\"Simple-Line-Icons-briefcase\"><\/i> (or combination)<\/h4>\n<p>[\/vc_column_text][vc_column_text]F\u00fcr mehr als vier Personen oder f\u00fcr mehr Koffer.<br \/>\nAuch ideal f\u00fcr Sie, wenn Sie Komfort und Platz auf Ihrer Reise suchen: Bis zu sechs Passagiere und acht Gep\u00e4ckst\u00fccke[\/vc_column_text][\/vc_column][vc_column width=&#8221;1\/3&#8243;][vc_single_image image=&#8221;63&#8243; img_size=&#8221;full&#8221; alignment=&#8221;center&#8221; css=&#8221;.vc_custom_1708381333267{margin-bottom: 10px !important;padding-top: 10% !important;padding-right: 10% !important;padding-left: 10% !important;}&#8221;][vc_custom_heading text=&#8221;Mercedes MiniVan 8&#8243; font_container=&#8221;tag:h3|text_align:center&#8221; use_theme_fonts=&#8221;yes&#8221;][vc_column_text]<\/p>\n<h4 style=\"text-align: center;\">8 x <i class=\"fa fa-user\"><\/i>, 10 x <i class=\"Simple-Line-Icons-briefcase\"><\/i> (or combination)<\/h4>\n<p>[\/vc_column_text][vc_column_text]Es geht nicht nur darum, Ihr Ziel zu erreichen, sondern auch einen Schritt weiter zu gehen: Acht Passagiere und zehn Koffer.[\/vc_column_text][\/vc_column][\/vc_row][vc_row css=&#8221;.vc_custom_1708382400512{padding-top: 0px !important;}&#8221; conditional_render=&#8221;%5B%7B%22value_role%22%3A%22administrator%22%7D%5D&#8221;][vc_column width=&#8221;1\/2&#8243;][vc_single_image image=&#8221;59&#8243; img_size=&#8221;full&#8221; alignment=&#8221;center&#8221; css=&#8221;.vc_custom_1708381549255{margin-bottom: 10px !important;padding-top: 14% !important;padding-right: 14% !important;padding-left: 14% !important;}&#8221;][vc_custom_heading text=&#8221;Mercedes Sprinter 14&#8243; font_container=&#8221;tag:h3|text_align:center&#8221; use_theme_fonts=&#8221;yes&#8221;][vc_column_text css=&#8221;.vc_custom_1708382272552{margin-bottom: 10px !important;}&#8221;]<\/p>\n<h4 style=\"text-align: center;\">14 x <i class=\"fa fa-user\"><\/i>, 18 x <i class=\"Simple-Line-Icons-briefcase\"><\/i> (or combination)<\/h4>\n<p>[\/vc_column_text][vc_column_text]Die luxuri\u00f6seste, komfortabelste und wirtschaftlichste L\u00f6sung f\u00fcr kleine Gruppen oder gro\u00dfe Familien. Teilen Sie mit Freunden die Reiseerfahrungen, die Sch\u00f6nheit des Ausflugs und die Kosten.[\/vc_column_text][\/vc_column][vc_column width=&#8221;1\/2&#8243;][vc_single_image image=&#8221;60&#8243; img_size=&#8221;full&#8221; alignment=&#8221;center&#8221; css=&#8221;.vc_custom_1708381558808{margin-bottom: 10px !important;padding-top: 14% !important;padding-right: 14% !important;padding-left: 14% !important;}&#8221;][vc_custom_heading text=&#8221;Mercedes Sprinter 20&#8243; font_container=&#8221;tag:h3|text_align:center&#8221; use_theme_fonts=&#8221;yes&#8221;][vc_column_text]<\/p>\n<h4 style=\"text-align: center;\">20 x <i class=\"fa fa-user\"><\/i>, 22 x <i class=\"Simple-Line-Icons-briefcase\"><\/i> (or combination)<\/h4>\n<p>[\/vc_column_text][vc_column_text]Unser Flaggschiff: Modern, sicher, bezahlbar. F\u00fcr gro\u00dfe Kundengruppen und Firmenkunden. Ein gro\u00dfes Luxusfahrzeug, das Sie mit den sehr g\u00fcnstigen Preisen \u00fcberraschen wird, die wir anbieten: Bis zu 20 Passagiere mit \u201evielen\u201c Koffern.[\/vc_column_text][\/vc_column][\/vc_row]<\/p>\n<\/div>","protected":false},"excerpt":{"rendered":"<p>[vc_row css=&#8221;.vc_custom_1706121921442{padding-top: 20px !important;}&#8221; conditional_render=&#8221;%5B%7B%22value_role%22%3A%22administrator%22%7D%5D&#8221;][vc_column width=&#8221;1\/3&#8243;][vc_single_image image=&#8221;61&#8243; img_size=&#8221;full&#8221; alignment=&#8221;center&#8221; css=&#8221;.vc_custom_1708381297607{margin-bottom: 10px !important;padding-top: 10% !important;padding-right: 10% !important;padding-left: 10% !important;}&#8221;][vc_custom_heading text=&#8221;Taxi Mercedes E Class&#8221; font_container=&#8221;tag:h3|text_align:center&#8221; use_theme_fonts=&#8221;yes&#8221;][vc_column_text] 4 x , 4 x (or combination) [\/vc_column_text][vc_column_text]Eine beliebte und erschwingliche Wahl f\u00fcr die allt\u00e4glichsten Transportbed\u00fcrfnisse. Es bietet Platz f\u00fcr vier Passagiere, einen gro\u00dfen und zwei kleine Koffer.[\/vc_column_text][\/vc_column][vc_column width=&#8221;1\/3&#8243;][vc_single_image image=&#8221;62&#8243; img_size=&#8221;full&#8221; [&hellip;]<\/p>\n","protected":false},"author":1,"featured_media":0,"parent":0,"menu_order":0,"comment_status":"closed","ping_status":"closed","template":"","meta":{"footnotes":""},"_links":{"self":[{"href":"https:\/\/www.athensairporttaxi.info\/de\/wp-json\/wp\/v2\/pages\/13055"}],"collection":[{"href":"https:\/\/www.athensairporttaxi.info\/de\/wp-json\/wp\/v2\/pages"}],"about":[{"href":"https:\/\/www.athensairporttaxi.info\/de\/wp-json\/wp\/v2\/types\/page"}],"author":[{"embeddable":true,"href":"https:\/\/www.athensairporttaxi.info\/de\/wp-json\/wp\/v2\/users\/1"}],"replies":[{"embeddable":true,"href":"https:\/\/www.athensairporttaxi.info\/de\/wp-json\/wp\/v2\/comments?post=13055"}],"version-history":[{"count":4,"href":"https:\/\/www.athensairporttaxi.info\/de\/wp-json\/wp\/v2\/pages\/13055\/revisions"}],"predecessor-version":[{"id":13074,"href":"https:\/\/www.athensairporttaxi.info\/de\/wp-json\/wp\/v2\/pages\/13055\/revisions\/13074"}],"wp:attachment":[{"href":"https:\/\/www.athensairporttaxi.info\/de\/wp-json\/wp\/v2\/media?parent=13055"}],"curies":[{"name":"wp","href":"https:\/\/api.w.org\/{rel}","templated":true}]}}