{"id":12670,"date":"2024-01-15T16:49:01","date_gmt":"2024-01-15T14:49:01","guid":{"rendered":"https:\/\/www.athensairporttaxi.info\/?page_id=12670"},"modified":"2024-05-09T23:48:04","modified_gmt":"2024-05-09T21:48:04","slug":"haufig-gestellte-fragen","status":"publish","type":"page","link":"https:\/\/www.athensairporttaxi.info\/de\/haufig-gestellte-fragen\/","title":{"rendered":"H\u00e4ufig gestellte Fragen"},"content":{"rendered":"<div class=\"wpb-content-wrapper\"><p>[vc_row][vc_column][vc_custom_heading text=&#8221;H\u00e4ufig gestellte Fragen&#8221; use_theme_fonts=&#8221;yes&#8221;][vc_toggle title=&#8221;Wie fr\u00fch muss ich mein Auto buchen?&#8221;]Je fr\u00fcher desto besser. Es wird jedoch empfohlen, 12 Stunden vor Reiseantritt zu sein. Wenn Sie in letzter Minute buchen, rufen Sie uns am besten an, um dies zu best\u00e4tigen.[\/vc_toggle][vc_toggle title=&#8221;Kann ich telefonisch buchen?&#8221;]Ja, Sie k\u00f6nnen telefonisch unter +30 694 164 9464 buchen.[\/vc_toggle][vc_toggle title=&#8221;Woher wei\u00df ich, ob meine Reservierung best\u00e4tigt wurde?&#8221;]Nach der Buchung erhalten Sie eine E-Mail, die Ihre Buchung best\u00e4tigt. Sie k\u00f6nnen auch unseren 24-Stunden-Kontrollraum anrufen. Unsere Controller teilen Ihnen gerne mit, ob Ihre Buchung best\u00e4tigt wurde.[\/vc_toggle][vc_toggle title=&#8221;Was ist, wenn der Flug versp\u00e4tet oder zu fr\u00fch ist?&#8221;]Wir werden den Flugstatus am Tag \u00fcberpr\u00fcfen und Sie entsprechend abholen.[\/vc_toggle][vc_toggle title=&#8221;Wie finde ich meinen Fahrer am Flughafen?&#8221;]Unser Fahrer wird in der Ankunftshalle mit Ihrem Namen auf einer Karte an der Schranke warten.[\/vc_toggle][vc_toggle title=&#8221;Ist Ihr Service Tag und Nacht verf\u00fcgbar?&#8221;]Ja. Wir arbeiten 24 Stunden, 7 Tage die Woche, 365 Tage im Jahr.[\/vc_toggle][vc_toggle title=&#8221;Was passiert, wenn ich meinen Fahrer nicht finde?&#8221;]Nachdem Sie sichergestellt haben, dass Sie die Anweisungen des AthensAirportTaxi in Ihrer Best\u00e4tigung korrekt befolgt haben, kontaktieren Sie uns unter der in Ihrer Best\u00e4tigung angegebenen Telefonnummer.[\/vc_toggle][vc_toggle title=&#8221;Sind Sie ein lizenziertes Unternehmen?&#8221;]Ja. Wir sind offiziell vom griechischen Tourismusministerium f\u00fcr die Bef\u00f6rderung der \u00d6ffentlichkeit lizenziert.[\/vc_toggle][\/vc_column][\/vc_row]<\/p>\n<\/div>","protected":false},"excerpt":{"rendered":"<p>[vc_row][vc_column][vc_custom_heading text=&#8221;H\u00e4ufig gestellte Fragen&#8221; use_theme_fonts=&#8221;yes&#8221;][vc_toggle title=&#8221;Wie fr\u00fch muss ich mein Auto buchen?&#8221;]Je fr\u00fcher desto besser. Es wird jedoch empfohlen, 12 Stunden vor Reiseantritt zu sein. Wenn Sie in letzter Minute buchen, rufen Sie uns am besten an, um dies zu best\u00e4tigen.[\/vc_toggle][vc_toggle title=&#8221;Kann ich telefonisch buchen?&#8221;]Ja, Sie k\u00f6nnen telefonisch unter +30 694 164 9464 buchen.[\/vc_toggle][vc_toggle title=&#8221;Woher [&hellip;]<\/p>\n","protected":false},"author":1,"featured_media":0,"parent":0,"menu_order":0,"comment_status":"closed","ping_status":"closed","template":"","meta":{"footnotes":""},"_links":{"self":[{"href":"https:\/\/www.athensairporttaxi.info\/de\/wp-json\/wp\/v2\/pages\/12670"}],"collection":[{"href":"https:\/\/www.athensairporttaxi.info\/de\/wp-json\/wp\/v2\/pages"}],"about":[{"href":"https:\/\/www.athensairporttaxi.info\/de\/wp-json\/wp\/v2\/types\/page"}],"author":[{"embeddable":true,"href":"https:\/\/www.athensairporttaxi.info\/de\/wp-json\/wp\/v2\/users\/1"}],"replies":[{"embeddable":true,"href":"https:\/\/www.athensairporttaxi.info\/de\/wp-json\/wp\/v2\/comments?post=12670"}],"version-history":[{"count":3,"href":"https:\/\/www.athensairporttaxi.info\/de\/wp-json\/wp\/v2\/pages\/12670\/revisions"}],"predecessor-version":[{"id":13981,"href":"https:\/\/www.athensairporttaxi.info\/de\/wp-json\/wp\/v2\/pages\/12670\/revisions\/13981"}],"wp:attachment":[{"href":"https:\/\/www.athensairporttaxi.info\/de\/wp-json\/wp\/v2\/media?parent=12670"}],"curies":[{"name":"wp","href":"https:\/\/api.w.org\/{rel}","templated":true}]}}