{"id":120,"date":"2024-01-15T16:49:40","date_gmt":"2024-01-15T14:49:40","guid":{"rendered":"https:\/\/www.athensairporttaxi.info\/?page_id=120"},"modified":"2024-05-09T23:46:52","modified_gmt":"2024-05-09T21:46:52","slug":"geschaftsbedingungen","status":"publish","type":"page","link":"https:\/\/www.athensairporttaxi.info\/de\/geschaftsbedingungen\/","title":{"rendered":"Gesch\u00e4ftsbedingungen"},"content":{"rendered":"<ol>\n<li>Wenn Sie ein Auto stornieren m\u00f6chten, m\u00fcssen Sie dies 6 Stunden im Voraus tun. Andernfalls wird die volle Geb\u00fchr berechnet.<\/li>\n<li>Bei Online-Buchungen bitten wir um eine Frist von mindestens 15 Stunden.<\/li>\n<li>Wenn Sie ein Auto mit einer Frist von weniger als 15 Stunden buchen m\u00f6chten, rufen Sie bitte an.<\/li>\n<li>Obwohl wir alle Anstrengungen unternehmen, um sicherzustellen, dass unsere Fahrer korrekt sind, k\u00f6nnen Sie verstehen, dass wir keine Verantwortung f\u00fcr Verz\u00f6gerungen \u00fcbernehmen k\u00f6nnen, die durch au\u00dfer Kontrolle geratene Umst\u00e4nde verursacht werden.<\/li>\n<li>Der Fahrer wird zu sicheren und angemessenen Geschwindigkeiten f\u00fchren, die den Stra\u00dfenbedingungen, dem Verkehr und den gesetzlichen Geschwindigkeitsbegrenzungen entsprechen.<\/li>\n<li>Der Kunde haftet f\u00fcr alle Sch\u00e4den, die er an der Innen- oder Au\u00dfenseite des ihm angebotenen Fahrzeugs verursacht. F\u00fcr Reparaturen oder Lackierungen, die erforderlich sind, um das Fahrzeug wieder in Betrieb zu nehmen, wird eine entsprechende Geb\u00fchr erhoben.<\/li>\n<li>Gelegentlich k\u00f6nnen wir auch Leihfahrzeuge anbieten.<\/li>\n<li>Indem Sie Ihre E-Mail-Adresse oder mobile Adresse angeben, k\u00f6nnen wir Sie per E-Mail \/ Text kontaktieren. Im Gegenzug versprechen wir, Ihre E-Mail-Adresse nicht an Dritte weiterzugeben.<\/li>\n<li>Bei \u00c4nderungen oder Abweichungen, die zus\u00e4tzliche Meilen f\u00fcr andere als die bei der Buchung vereinbarten Reisen beinhalten, werden dem Kunden gem\u00e4\u00df der Preisstruktur auf unserer Website zus\u00e4tzliche Geb\u00fchren berechnet.<\/li>\n<li>Wir behalten uns das Recht vor, das Fahrzeug oder den Chauffeur bei Bedarf jederzeit zu \u00e4ndern.<\/li>\n<li>Unsere Guides fahren auf der am besten geeigneten Route, es sei denn, der Kunde hat bei der Buchung eine bestimmte Route angegeben.<\/li>\n<li>Unsere Fahrzeuge und Subunternehmer sind f\u00fcr Anspr\u00fcche von Passagieren und Dritten voll versichert. Das Eigentum des Kunden wird jedoch vollst\u00e4ndig auf seine eigene Verantwortung \u00fcbertragen, und wir \u00fcbernehmen keine Verantwortung f\u00fcr Verluste oder Sch\u00e4den an diesem Eigentum.<\/li>\n<li>Wir und unsere Fahrer haben das Recht, die Bef\u00f6rderung von Fahrg\u00e4sten unter Alkohol- oder Drogeneinfluss zu verweigern, und sein Verhalten bedroht entweder den Fahrer, das Fahrzeug oder einen oder mehrere andere Fahrg\u00e4ste.<\/li>\n<li>Wir haben eine strikte Richtlinie zum Rauchen in allen unseren Fahrzeugen.<\/li>\n<li>Elektronische Angebote unterliegen Staats- und Feiertagen wie Heiligabend oder Silvester. Es wird kein Aufpreis erhoben.<\/li>\n<li>Nichts, was in diesen Gesch\u00e4ftsbedingungen enthalten ist, kann die \u201egesetzlichen Rechte\u201c des Kunden beeintr\u00e4chtigen.<\/li>\n<li>Wir behalten uns das Recht vor, diese Bedingungen bei Bedarf zu \u00e4ndern. In diesem Fall werden alle Kunden, die sie akzeptiert haben, unter Anerkennung ihres Widerrufsrechts informiert und ihre \u00dcberweisung steht noch aus.<\/li>\n<\/ol>\n","protected":false},"excerpt":{"rendered":"<p>Wenn Sie ein Auto stornieren m\u00f6chten, m\u00fcssen Sie dies 6 Stunden im Voraus tun. Andernfalls wird die volle Geb\u00fchr berechnet. Bei Online-Buchungen bitten wir um eine Frist von mindestens 15 Stunden. Wenn Sie ein Auto mit einer Frist von weniger als 15 Stunden buchen m\u00f6chten, rufen Sie bitte an. Obwohl wir alle Anstrengungen unternehmen, um [&hellip;]<\/p>\n","protected":false},"author":1,"featured_media":0,"parent":0,"menu_order":0,"comment_status":"closed","ping_status":"closed","template":"","meta":{"footnotes":""},"_links":{"self":[{"href":"https:\/\/www.athensairporttaxi.info\/de\/wp-json\/wp\/v2\/pages\/120"}],"collection":[{"href":"https:\/\/www.athensairporttaxi.info\/de\/wp-json\/wp\/v2\/pages"}],"about":[{"href":"https:\/\/www.athensairporttaxi.info\/de\/wp-json\/wp\/v2\/types\/page"}],"author":[{"embeddable":true,"href":"https:\/\/www.athensairporttaxi.info\/de\/wp-json\/wp\/v2\/users\/1"}],"replies":[{"embeddable":true,"href":"https:\/\/www.athensairporttaxi.info\/de\/wp-json\/wp\/v2\/comments?post=120"}],"version-history":[{"count":3,"href":"https:\/\/www.athensairporttaxi.info\/de\/wp-json\/wp\/v2\/pages\/120\/revisions"}],"predecessor-version":[{"id":13980,"href":"https:\/\/www.athensairporttaxi.info\/de\/wp-json\/wp\/v2\/pages\/120\/revisions\/13980"}],"wp:attachment":[{"href":"https:\/\/www.athensairporttaxi.info\/de\/wp-json\/wp\/v2\/media?parent=120"}],"curies":[{"name":"wp","href":"https:\/\/api.w.org\/{rel}","templated":true}]}}