{"id":10622,"date":"2024-01-15T18:27:29","date_gmt":"2024-01-15T16:27:29","guid":{"rendered":"https:\/\/www.athensairporttaxi.info\/?page_id=10622"},"modified":"2024-05-09T23:38:28","modified_gmt":"2024-05-09T21:38:28","slug":"dienstleistungen","status":"publish","type":"page","link":"https:\/\/www.athensairporttaxi.info\/de\/dienstleistungen\/","title":{"rendered":"Dienstleistungen"},"content":{"rendered":"<div class=\"wpb-content-wrapper\"><p>[vc_row full_width=&#8221;stretch_row&#8221; equal_height=&#8221;yes&#8221; content_placement=&#8221;middle&#8221; conditional_render=&#8221;%5B%7B%22value_role%22%3A%22administrator%22%7D%5D&#8221;][vc_column width=&#8221;1\/2&#8243;][vc_single_image image=&#8221;103&#8243; img_size=&#8221;full&#8221; alignment=&#8221;center&#8221;][\/vc_column][vc_column width=&#8221;1\/2&#8243;][vc_custom_heading text=&#8221;Athen Flughafentransfers&#8221; font_container=&#8221;tag:h3|text_align:center&#8221; use_theme_fonts=&#8221;yes&#8221;][vc_column_text]Wir bieten Transfers vom internationalen Flughafen Athen in alle Gebiete Griechenlands mit Stra\u00dfenzugang. Der Flughafentransfer ist die ideale Wahl f\u00fcr Gesch\u00e4fts- und Urlaubsreisende. Wir bieten einen sofortigen Reaktionsservice, der Ihre Landezeit \u00fcberwacht, um sicherzustellen, dass Ihr Fahrer bereit ist, Sie bei Ihrer Ankunft abzuholen. Wenn Ihr Flug fr\u00fcher oder sp\u00e4ter ist, k\u00f6nnen Sie sich leicht entspannen und wissen, dass Ihre Abholzeit entsprechend ge\u00e4ndert wurde.<br \/>\nMit unserem gro\u00dfen Fuhrpark und unserer Transporterfahrung k\u00f6nnen Sie es einfach uns \u00fcberlassen. Unser Versprechen eines Festpreises f\u00fcr alle Buchungen stellt sicher, dass Sie nur den angegebenen Preis ohne Preiserh\u00f6hung f\u00fcr die Dauer Ihrer Reise bezahlen. Die Buchung k\u00f6nnte nicht einfacher sein.[\/vc_column_text][\/vc_column][\/vc_row][vc_row full_width=&#8221;stretch_row&#8221; equal_height=&#8221;yes&#8221; content_placement=&#8221;middle&#8221; conditional_render=&#8221;%5B%7B%22value_role%22%3A%22administrator%22%7D%5D&#8221; css=&#8221;.vc_custom_1705343170640{padding-top: 40px !important;padding-bottom: 40px !important;background-color: #d6d6d6 !important;}&#8221;][vc_column width=&#8221;1\/2&#8243;][vc_custom_heading text=&#8221;Firmenveranstaltungen Kunden.&#8221; font_container=&#8221;tag:h3|text_align:center&#8221; use_theme_fonts=&#8221;yes&#8221;][vc_column_text]Unser Unternehmenskontoservice bietet den Komfort und die Flexibilit\u00e4t, die Ihren gesch\u00e4ftlichen Anforderungen entsprechen. Mit \u00fcber 20 Jahren Erfahrung als Transportunternehmen verstehen wir die Bed\u00fcrfnisse unserer Kunden nach einem professionellen, zuverl\u00e4ssigen, sicheren und p\u00fcnktlichen Service.<br \/>\nUnser Unternehmenskontoservice bietet einen vorrangigen Service f\u00fcr Gesch\u00e4ftskunden, die Auswahl von F\u00fchrungskr\u00e4ften f\u00fcr VIPs und die monatliche Abrechnung eines Umlagekontos. Um ein Konto bei uns zu er\u00f6ffnen, f\u00fcllen Sie das Buchungsformular aus und senden Sie uns eine E-Mail.[\/vc_column_text][\/vc_column][vc_column width=&#8221;1\/2&#8243;][vc_single_image image=&#8221;104&#8243; img_size=&#8221;full&#8221; alignment=&#8221;center&#8221;][\/vc_column][\/vc_row][vc_row full_width=&#8221;stretch_row&#8221; equal_height=&#8221;yes&#8221; content_placement=&#8221;middle&#8221; conditional_render=&#8221;%5B%7B%22value_role%22%3A%22administrator%22%7D%5D&#8221;][vc_column width=&#8221;1\/2&#8243;][vc_single_image image=&#8221;105&#8243; img_size=&#8221;full&#8221; alignment=&#8221;center&#8221;][\/vc_column][vc_column width=&#8221;1\/2&#8243;][vc_custom_heading text=&#8221;Konfigurieren Sie Ihren Transport&#8221; font_container=&#8221;tag:h3|text_align:center&#8221; use_theme_fonts=&#8221;yes&#8221;][vc_column_text]Machen Sie die genaueste Reservierung mit dem f\u00fcr die Bed\u00fcrfnisse Ihrer Reise am besten geeigneten Fahrzeug. In uns k\u00f6nnen Sie.<br \/>\nWir verf\u00fcgen \u00fcber einen Fuhrpark und haben den Willen, Sie ordnungsgem\u00e4\u00df und wirtschaftlich zu bedienen.<br \/>\nUnser Ziel ist es, Sie jedes Mal zu sehen, wenn Sie den Flughafen Athen besuchen. Und nicht nur ..[\/vc_column_text][\/vc_column][\/vc_row][vc_row full_width=&#8221;stretch_row&#8221; equal_height=&#8221;yes&#8221; content_placement=&#8221;middle&#8221; conditional_render=&#8221;%5B%7B%22value_role%22%3A%22administrator%22%7D%5D&#8221; css=&#8221;.vc_custom_1705343170640{padding-top: 40px !important;padding-bottom: 40px !important;background-color: #d6d6d6 !important;}&#8221;][vc_column width=&#8221;1\/2&#8243;][vc_custom_heading text=&#8221;Wir sind immer hier&#8221; font_container=&#8221;tag:h3|text_align:center&#8221; use_theme_fonts=&#8221;yes&#8221;][vc_column_text]Wir bieten einen 24-Stunden-Qualit\u00e4tsservice mit einer Flotte gut gewarteter und voll versicherter Fahrzeuge.<br \/>\nWir empfehlen immer, Ihr Auto im Voraus zu chartern, und wir werden zur richtigen Zeit bei Ihnen sein. Wir bieten Preise f\u00fcr jede Reise zum Zeitpunkt der Buchung und Festpreise.[\/vc_column_text][\/vc_column][vc_column width=&#8221;1\/2&#8243;][vc_single_image image=&#8221;106&#8243; img_size=&#8221;full&#8221; alignment=&#8221;center&#8221;][\/vc_column][\/vc_row]<\/p>\n<\/div>","protected":false},"excerpt":{"rendered":"<p>[vc_row full_width=&#8221;stretch_row&#8221; equal_height=&#8221;yes&#8221; content_placement=&#8221;middle&#8221; conditional_render=&#8221;%5B%7B%22value_role%22%3A%22administrator%22%7D%5D&#8221;][vc_column width=&#8221;1\/2&#8243;][vc_single_image image=&#8221;103&#8243; img_size=&#8221;full&#8221; alignment=&#8221;center&#8221;][\/vc_column][vc_column width=&#8221;1\/2&#8243;][vc_custom_heading text=&#8221;Athen Flughafentransfers&#8221; font_container=&#8221;tag:h3|text_align:center&#8221; use_theme_fonts=&#8221;yes&#8221;][vc_column_text]Wir bieten Transfers vom internationalen Flughafen Athen in alle Gebiete Griechenlands mit Stra\u00dfenzugang. Der Flughafentransfer ist die ideale Wahl f\u00fcr Gesch\u00e4fts- und Urlaubsreisende. Wir bieten einen sofortigen Reaktionsservice, der Ihre Landezeit \u00fcberwacht, um sicherzustellen, dass Ihr Fahrer bereit ist, Sie bei Ihrer [&hellip;]<\/p>\n","protected":false},"author":1,"featured_media":0,"parent":0,"menu_order":0,"comment_status":"closed","ping_status":"closed","template":"","meta":{"footnotes":""},"_links":{"self":[{"href":"https:\/\/www.athensairporttaxi.info\/de\/wp-json\/wp\/v2\/pages\/10622"}],"collection":[{"href":"https:\/\/www.athensairporttaxi.info\/de\/wp-json\/wp\/v2\/pages"}],"about":[{"href":"https:\/\/www.athensairporttaxi.info\/de\/wp-json\/wp\/v2\/types\/page"}],"author":[{"embeddable":true,"href":"https:\/\/www.athensairporttaxi.info\/de\/wp-json\/wp\/v2\/users\/1"}],"replies":[{"embeddable":true,"href":"https:\/\/www.athensairporttaxi.info\/de\/wp-json\/wp\/v2\/comments?post=10622"}],"version-history":[{"count":4,"href":"https:\/\/www.athensairporttaxi.info\/de\/wp-json\/wp\/v2\/pages\/10622\/revisions"}],"predecessor-version":[{"id":13978,"href":"https:\/\/www.athensairporttaxi.info\/de\/wp-json\/wp\/v2\/pages\/10622\/revisions\/13978"}],"wp:attachment":[{"href":"https:\/\/www.athensairporttaxi.info\/de\/wp-json\/wp\/v2\/media?parent=10622"}],"curies":[{"name":"wp","href":"https:\/\/api.w.org\/{rel}","templated":true}]}}